{"id":1977,"date":"2026-03-09T15:15:40","date_gmt":"2026-03-09T15:15:40","guid":{"rendered":"https:\/\/crossfitede.nl\/formazione-hyrox-a-ede\/"},"modified":"2026-03-09T17:09:55","modified_gmt":"2026-03-09T17:09:55","slug":"formazione-hyrox-a-ede","status":"publish","type":"page","link":"https:\/\/crossfitede.nl\/it\/formazione-hyrox-a-ede\/","title":{"rendered":"Hyrox Ede"},"content":{"rendered":"\t\t<div data-elementor-type=\"wp-page\" data-elementor-id=\"1977\" class=\"elementor elementor-1977 elementor-1967\" data-elementor-post-type=\"page\">\n\t\t\t\t<div class=\"elementor-element elementor-element-78e1a255 e-flex e-con-boxed e-con e-parent\" data-id=\"78e1a255\" data-element_type=\"container\" data-e-type=\"container\" data-settings=\"{&quot;background_background&quot;:&quot;classic&quot;}\">\n\t\t\t\t\t<div class=\"e-con-inner\">\n\t\t\t\t<div class=\"elementor-element elementor-element-77c7eed4 elementor-widget elementor-widget-heading\" data-id=\"77c7eed4\" data-element_type=\"widget\" data-e-type=\"widget\" data-widget_type=\"heading.default\">\n\t\t\t\t\t<h1 class=\"elementor-heading-title elementor-size-default\">Hyrox Ede  <\/h1>\t\t\t\t<\/div>\n\t\t\t\t<div class=\"elementor-element elementor-element-a394d1d elementor-widget elementor-widget-text-editor\" data-id=\"a394d1d\" data-element_type=\"widget\" data-e-type=\"widget\" data-widget_type=\"text-editor.default\">\n\t\t\t\t\t\t\t\t\t<p data-start=\"362\" data-end=\"599\">Vuoi allenarti per un <strong data-start=\"382\" data-end=\"398\">Hyrox a Ede<\/strong> e cerchi una palestra dove forza e resistenza si fondono? A CrossFit Ede &#8211; Vallei, offriamo un <strong data-start=\"510\" data-end=\"535\">allenamento Hyrox<\/strong> mirato <strong data-start=\"510\" data-end=\"535\">a Ede<\/strong> che ti preparer\u00e0 al meglio per questa gara di fitness unica. <\/p><p data-start=\"601\" data-end=\"820\">Hyrox combina la corsa con esercizi funzionali come le spinte con la slitta, le palle al muro e il trasporto dei contadini. Nei nostri allenamenti lavoriamo sulla tecnica, sulla forza e sulla forma fisica in modo che tu possa affrontare la corsa pi\u00f9 forte ed efficiente. <\/p><p data-start=\"822\" data-end=\"1048\">Molti atleti combinano le nostre lezioni di Hyrox con <span style=\"text-decoration: underline;\"><span style=\"color: #32ad59;\"><a class=\"decorated-link cursor-pointer\" style=\"color: #32ad59; text-decoration: underline;\" href=\"https:\/\/crossfitede.nl\/it\/crossfit-a-ede-presso-crossfit-ede-vallei\/\" rel=\"noopener\" data-start=\"869\" data-end=\"901\">CrossFit <\/a><\/span><\/span>o sessioni extra durante <span style=\"text-decoration: underline;\"><span style=\"color: #32ad59;\"><a class=\"decorated-link cursor-pointer\" style=\"color: #32ad59; text-decoration: underline;\" href=\"https:\/\/crossfitede.nl\/it\/programma\/\" rel=\"noopener\" data-start=\"927\" data-end=\"948\">Open Gym<\/a><\/span><\/span>. In questo modo, potrai sviluppare sia la forza che la resistenza necessarie per ottenere buone prestazioni in Hyrox. <\/p><p data-start=\"1105\" data-end=\"1270\"> <\/p>\t\t\t\t\t\t\t\t<\/div>\n\t\t\t\t\t<\/div>\n\t\t\t\t<\/div>\n\t\t<div class=\"elementor-element elementor-element-a17163a e-flex e-con-boxed e-con e-parent\" data-id=\"a17163a\" data-element_type=\"container\" data-e-type=\"container\" data-settings=\"{&quot;background_background&quot;:&quot;classic&quot;}\">\n\t\t\t\t\t<div class=\"e-con-inner\">\n\t\t<div class=\"elementor-element elementor-element-f59eae4 e-con-full e-flex e-con e-child\" data-id=\"f59eae4\" data-element_type=\"container\" data-e-type=\"container\">\n\t\t\t\t<div class=\"elementor-element elementor-element-cb60574 elementor-widget elementor-widget-text-editor\" data-id=\"cb60574\" data-element_type=\"widget\" data-e-type=\"widget\" data-widget_type=\"text-editor.default\">\n\t\t\t\t\t\t\t\t\t<p style=\"text-align: center;\">\"La serie mondiale<br>delle gare di fitness\".<\/p>\t\t\t\t\t\t\t\t<\/div>\n\t\t\t\t<\/div>\n\t\t<div class=\"elementor-element elementor-element-decbb31 e-con-full e-flex e-con e-child\" data-id=\"decbb31\" data-element_type=\"container\" data-e-type=\"container\" data-settings=\"{&quot;background_background&quot;:&quot;classic&quot;}\">\n\t\t\t\t<\/div>\n\t\t\t\t\t<\/div>\n\t\t\t\t<\/div>\n\t\t<div class=\"elementor-element elementor-element-375dcdca e-flex e-con-boxed e-con e-parent\" data-id=\"375dcdca\" data-element_type=\"container\" data-e-type=\"container\" data-settings=\"{&quot;background_background&quot;:&quot;classic&quot;}\">\n\t\t\t\t\t<div class=\"e-con-inner\">\n\t\t\t\t<div class=\"elementor-element elementor-element-43bad0b elementor-widget elementor-widget-heading\" data-id=\"43bad0b\" data-element_type=\"widget\" data-e-type=\"widget\" data-widget_type=\"heading.default\">\n\t\t\t\t\t<h2 class=\"elementor-heading-title elementor-size-default\">Che cos'\u00e8 Hyrox?<\/h2>\t\t\t\t<\/div>\n\t\t\t\t<div class=\"elementor-element elementor-element-73822a86 elementor-widget elementor-widget-text-editor\" data-id=\"73822a86\" data-element_type=\"widget\" data-e-type=\"widget\" data-widget_type=\"text-editor.default\">\n\t\t\t\t\t\t\t\t\t<p data-start=\"3139\" data-end=\"3224\">Hyrox \u00e8 una gara di fitness globale che combina forza e resistenza. Si corre per 8 x 1 km, intervallati da esercizi funzionali come: <\/p><ul><li data-start=\"3294\" data-end=\"3303\">Spinta della slitta<\/li><li data-start=\"3306\" data-end=\"3315\">Tiro con la slitta<\/li><li data-start=\"3318\" data-end=\"3328\">Palle a muro<\/li><li data-start=\"3331\" data-end=\"3344\">Gli agricoltori trasportano<\/li><li data-start=\"3347\" data-end=\"3365\">Salti larghi con i burpee<\/li><\/ul><p data-start=\"3367\" data-end=\"3422\">\u00c8 misurabile. \u00c8 competitivo. Crea dipendenza.  <\/p><p data-start=\"1105\" data-end=\"1270\"> <\/p>\t\t\t\t\t\t\t\t<\/div>\n\t\t\t\t\t<\/div>\n\t\t\t\t<\/div>\n\t\t<div class=\"elementor-element elementor-element-5516406 e-flex e-con-boxed e-con e-parent\" data-id=\"5516406\" data-element_type=\"container\" data-e-type=\"container\" data-settings=\"{&quot;background_background&quot;:&quot;classic&quot;}\">\n\t\t\t\t\t<div class=\"e-con-inner\">\n\t\t\t\t<div class=\"elementor-element elementor-element-ee41e53 elementor-widget elementor-widget-heading\" data-id=\"ee41e53\" data-element_type=\"widget\" data-e-type=\"widget\" data-widget_type=\"heading.default\">\n\t\t\t\t\t<h2 class=\"elementor-heading-title elementor-size-default\">Perch\u00e9 allenarsi con Hyrox a CrossFit Ede?<\/h2>\t\t\t\t<\/div>\n\t\t\t\t<div class=\"elementor-element elementor-element-fa20908 elementor-widget elementor-widget-text-editor\" data-id=\"fa20908\" data-element_type=\"widget\" data-e-type=\"widget\" data-widget_type=\"text-editor.default\">\n\t\t\t\t\t\t\t\t\t<p data-start=\"3476\" data-end=\"3513\">Hyrox richiede una preparazione intelligente.<\/p><p data-start=\"3515\" data-end=\"3552\">A CrossFit Ede &#8211; Vallei ci alleniamo:<\/p><ul><li>Tecnica di corsa e ritmo<\/li><li>Forza funzionale<\/li><li>Allenamenti specifici per le competizioni<\/li><li>Resistenza alla fatica<\/li><li>Resilienza mentale<\/li><\/ul><p data-start=\"3706\" data-end=\"3779\">Ci assicuriamo che tu non finisca e basta.<br data-start=\"3744\" data-end=\"3747\">Ci assicuriamo che tu finisca forte.<\/p>\t\t\t\t\t\t\t\t<\/div>\n\t\t\t\t\t<\/div>\n\t\t\t\t<\/div>\n\t\t<div class=\"elementor-element elementor-element-61c896d e-flex e-con-boxed e-con e-parent\" data-id=\"61c896d\" data-element_type=\"container\" data-e-type=\"container\" data-settings=\"{&quot;background_background&quot;:&quot;classic&quot;}\">\n\t\t\t\t\t<div class=\"e-con-inner\">\n\t\t\t\t<div class=\"elementor-element elementor-element-04a243c elementor-widget elementor-widget-heading\" data-id=\"04a243c\" data-element_type=\"widget\" data-e-type=\"widget\" data-widget_type=\"heading.default\">\n\t\t\t\t\t<h2 class=\"elementor-heading-title elementor-size-default\">A chi \u00e8 adatto Hyrox?<\/h2>\t\t\t\t<\/div>\n\t\t\t\t<div class=\"elementor-element elementor-element-7d47983 elementor-widget elementor-widget-text-editor\" data-id=\"7d47983\" data-element_type=\"widget\" data-e-type=\"widget\" data-widget_type=\"text-editor.default\">\n\t\t\t\t\t\t\t\t\t<p data-start=\"3822\" data-end=\"3859\">La formazione Hyrox a Ede \u00e8 ideale per:<\/p><ul><li data-start=\"3863\" data-end=\"3901\">Atleti di resistenza che vogliono diventare pi\u00f9 forti<\/li><li data-start=\"3904\" data-end=\"3942\">CrossFitters alla ricerca di un nuovo obiettivo<\/li><li data-start=\"3945\" data-end=\"3979\">Atleti che amano la competizione<\/li><li data-start=\"3982\" data-end=\"4014\">Chiunque ami le sfide<\/li><\/ul><p data-start=\"4016\" data-end=\"4086\">Non devi essere un atleta di punta.<br data-start=\"4049\" data-end=\"4052\">Devi essere disposto a lavorare.<\/p>\t\t\t\t\t\t\t\t<\/div>\n\t\t\t\t\t<\/div>\n\t\t\t\t<\/div>\n\t\t<div class=\"elementor-element elementor-element-7f0c8a9 e-flex e-con-boxed e-con e-parent\" data-id=\"7f0c8a9\" data-element_type=\"container\" data-e-type=\"container\" data-settings=\"{&quot;background_background&quot;:&quot;classic&quot;}\">\n\t\t\t\t\t<div class=\"e-con-inner\">\n\t\t\t\t<div class=\"elementor-element elementor-element-1e10a92 elementor-widget elementor-widget-heading\" data-id=\"1e10a92\" data-element_type=\"widget\" data-e-type=\"widget\" data-widget_type=\"heading.default\">\n\t\t\t\t\t<h3 class=\"elementor-heading-title elementor-size-default\">Intervalli e corsa<\/h3>\t\t\t\t<\/div>\n\t\t\t\t<div class=\"elementor-element elementor-element-1906c4f elementor-widget elementor-widget-text-editor\" data-id=\"1906c4f\" data-element_type=\"widget\" data-e-type=\"widget\" data-widget_type=\"text-editor.default\">\n\t\t\t\t\t\t\t\t\t<p data-start=\"1318\" data-end=\"1385\">Imparare a camminare in modo efficiente sotto carico.<\/p>\t\t\t\t\t\t\t\t<\/div>\n\t\t\t\t\t<\/div>\n\t\t\t\t<\/div>\n\t\t<div class=\"elementor-element elementor-element-c3fa887 e-flex e-con-boxed e-con e-parent\" data-id=\"c3fa887\" data-element_type=\"container\" data-e-type=\"container\" data-settings=\"{&quot;background_background&quot;:&quot;classic&quot;}\">\n\t\t\t\t\t<div class=\"e-con-inner\">\n\t\t\t\t<div class=\"elementor-element elementor-element-ebf00ce elementor-widget elementor-widget-heading\" data-id=\"ebf00ce\" data-element_type=\"widget\" data-e-type=\"widget\" data-widget_type=\"heading.default\">\n\t\t\t\t\t<h3 class=\"elementor-heading-title elementor-size-default\">Forza funzionale<\/h3>\t\t\t\t<\/div>\n\t\t\t\t<div class=\"elementor-element elementor-element-f5c041b elementor-widget elementor-widget-text-editor\" data-id=\"f5c041b\" data-element_type=\"widget\" data-e-type=\"widget\" data-widget_type=\"text-editor.default\">\n\t\t\t\t\t\t\t\t\t<p data-start=\"1318\" data-end=\"1385\">Lavoro con la slitta, portamenti, palle al muro.<\/p>\t\t\t\t\t\t\t\t<\/div>\n\t\t\t\t\t<\/div>\n\t\t\t\t<\/div>\n\t\t<div class=\"elementor-element elementor-element-e4196c6 e-flex e-con-boxed e-con e-parent\" data-id=\"e4196c6\" data-element_type=\"container\" data-e-type=\"container\" data-settings=\"{&quot;background_background&quot;:&quot;classic&quot;}\">\n\t\t\t\t\t<div class=\"e-con-inner\">\n\t\t\t\t<div class=\"elementor-element elementor-element-14c62bc elementor-widget elementor-widget-heading\" data-id=\"14c62bc\" data-element_type=\"widget\" data-e-type=\"widget\" data-widget_type=\"heading.default\">\n\t\t\t\t\t<h3 class=\"elementor-heading-title elementor-size-default\">Simulazioni di gara<\/h3>\t\t\t\t<\/div>\n\t\t\t\t<div class=\"elementor-element elementor-element-b70c9a8 elementor-widget elementor-widget-text-editor\" data-id=\"b70c9a8\" data-element_type=\"widget\" data-e-type=\"widget\" data-widget_type=\"text-editor.default\">\n\t\t\t\t\t\t\t\t\t<p data-start=\"4319\" data-end=\"4351\">Allenati mentre ti esibisci in seguito.<\/p><p data-start=\"4353\" data-end=\"4389\">Tutto scalabile. Tutto mirato. <\/p>\t\t\t\t\t\t\t\t<\/div>\n\t\t\t\t\t<\/div>\n\t\t\t\t<\/div>\n\t\t<div class=\"elementor-element elementor-element-861b032 e-flex e-con-boxed e-con e-parent\" data-id=\"861b032\" data-element_type=\"container\" data-e-type=\"container\" data-settings=\"{&quot;background_background&quot;:&quot;classic&quot;}\">\n\t\t\t\t\t<div class=\"e-con-inner\">\n\t\t\t\t<div class=\"elementor-element elementor-element-75de940 elementor-widget elementor-widget-heading\" data-id=\"75de940\" data-element_type=\"widget\" data-e-type=\"widget\" data-widget_type=\"heading.default\">\n\t\t\t\t\t<h2 class=\"elementor-heading-title elementor-size-default\">Inizia con la formazione Hyrox a Ede<\/h2>\t\t\t\t<\/div>\n\t\t\t\t<div class=\"elementor-element elementor-element-92d05ec elementor-widget elementor-widget-text-editor\" data-id=\"92d05ec\" data-element_type=\"widget\" data-e-type=\"widget\" data-widget_type=\"text-editor.default\">\n\t\t\t\t\t\t\t\t\t<p data-start=\"2581\" data-end=\"2626\">Vuoi allenarti per il tuo primo o prossimo Hyrox?<\/p><p data-start=\"2628\" data-end=\"2683\">Prenota una <span style=\"text-decoration: underline;\"><span style=\"color: #2ba62d; text-decoration: underline;\"><a style=\"color: #2ba62d; text-decoration: underline;\" href=\"https:\/\/cfedevallei.sportbitapp.nl\/web\/nl\/proeflesplanner\/kalender\">lezione di prova gratuita<\/a><\/span><\/span> e prova tu stesso.<\/p>\t\t\t\t\t\t\t\t<\/div>\n\t\t\t\t\t<\/div>\n\t\t\t\t<\/div>\n\t\t<div class=\"elementor-element elementor-element-237a404a e-con-full e-flex e-con e-parent\" data-id=\"237a404a\" data-element_type=\"container\" data-e-type=\"container\" data-settings=\"{&quot;background_background&quot;:&quot;classic&quot;}\">\n\t\t<div class=\"elementor-element elementor-element-2b92eb89 e-con-full e-flex e-con e-child\" data-id=\"2b92eb89\" data-element_type=\"container\" data-e-type=\"container\">\n\t\t\t\t<div class=\"elementor-element elementor-element-1b461243 elementor-widget elementor-widget-heading\" data-id=\"1b461243\" data-element_type=\"widget\" data-e-type=\"widget\" data-widget_type=\"heading.default\">\n\t\t\t\t\t<h2 class=\"elementor-heading-title elementor-size-default\">Non esitare a contattarci.<\/h2>\t\t\t\t<\/div>\n\t\t\t\t<div class=\"elementor-element elementor-element-559a6abf elementor-widget elementor-widget-text-editor\" data-id=\"559a6abf\" data-element_type=\"widget\" data-e-type=\"widget\" data-widget_type=\"text-editor.default\">\n\t\t\t\t\t\t\t\t\t<p data-start=\"143\" data-end=\"409\">Hai qualche domanda? Sei curioso di conoscere i nostri corsi? Fatti sentire.<br data-start=\"200\" data-end=\"203\">Durante le sessioni di allenamento, ci occupiamo principalmente di allenare (e non di telefonare), quindi a volte \u00e8 difficile raggiungerci per telefono. Un&#8217;app via WhatsApp \u00e8 la soluzione pi\u00f9 veloce. Rispondiamo il pi\u00f9 velocemente possibile quando i nostri allenamenti lo permettono.    <\/p><p data-start=\"411\" data-end=\"528\">Hai ancora dei dubbi? Prenota semplicemente una lezione di prova. Cos\u00ec saprai subito se il CrossFit fa per te. Spoiler: \u00e8 molto probabile di s\u00ec.   <\/p>\t\t\t\t\t\t\t\t<\/div>\n\t\t\t\t<div class=\"elementor-element elementor-element-2111a9a1 elementor-widget__width-auto elementor-widget elementor-widget-button\" data-id=\"2111a9a1\" data-element_type=\"widget\" data-e-type=\"widget\" data-widget_type=\"button.default\">\n\t\t\t\t\t\t\t\t\t\t<a class=\"elementor-button elementor-button-link elementor-size-sm\" href=\"https:\/\/wa.me\/31318250370\">\n\t\t\t\t\t\t<span class=\"elementor-button-content-wrapper\">\n\t\t\t\t\t\t\t\t\t<span class=\"elementor-button-text\">Invia WhatsApp<\/span>\n\t\t\t\t\t<\/span>\n\t\t\t\t\t<\/a>\n\t\t\t\t\t\t\t\t<\/div>\n\t\t\t\t<\/div>\n\t\t<div class=\"elementor-element elementor-element-7b54a31a e-con-full e-flex e-con e-child\" data-id=\"7b54a31a\" data-element_type=\"container\" data-e-type=\"container\">\n\t\t\t\t<div class=\"elementor-element elementor-element-4975a127 elementor-widget elementor-widget-google_maps\" data-id=\"4975a127\" data-element_type=\"widget\" data-e-type=\"widget\" data-widget_type=\"google_maps.default\">\n\t\t\t\t\t\t\t<div class=\"elementor-custom-embed\">\n\t\t\t<iframe loading=\"lazy\"\n\t\t\t\t\tsrc=\"https:\/\/maps.google.com\/maps?q=CrossFit%20Ede%2C%20Ede%2C%20Nederland&#038;t=m&#038;z=12&#038;output=embed&#038;iwloc=near\"\n\t\t\t\t\ttitle=\"CrossFit Ede, Ede, Nederland\"\n\t\t\t\t\taria-label=\"CrossFit Ede, Ede, Nederland\"\n\t\t\t><\/iframe>\n\t\t<\/div>\n\t\t\t\t\t\t<\/div>\n\t\t\t\t<\/div>\n\t\t\t\t<\/div>\n\t\t\t\t<\/div>\n\t\t","protected":false},"excerpt":{"rendered":"<p>Hyrox Ede Vuoi allenarti per un Hyrox a Ede e cerchi una palestra dove forza e resistenza si fondono? A CrossFit Ede &#8211; Vallei, offriamo un allenamento Hyrox mirato a Ede che ti preparer\u00e0 al meglio per questa gara di fitness unica. Hyrox combina la corsa con esercizi funzionali come le spinte con la slitta,<\/p>\n","protected":false},"author":1,"featured_media":1818,"parent":0,"menu_order":0,"comment_status":"closed","ping_status":"closed","template":"elementor_header_footer","meta":{"solace_meta_sidebar":"","solace_meta_container":"","solace_meta_enable_content_width":"","solace_meta_content_width":0,"solace_meta_title_alignment":"","solace_meta_author_avatar":"","solace_post_elements_order":"","solace_meta_disable_header":"","solace_meta_disable_footer":"","solace_meta_disable_title":"","footnotes":""},"class_list":["post-1977","page","type-page","status-publish","has-post-thumbnail","hentry"],"yoast_head":"<!-- This site is optimized with the Yoast SEO Premium plugin v27.1 (Yoast SEO v27.3) - https:\/\/yoast.com\/product\/yoast-seo-premium-wordpress\/ -->\n<title>%<\/title>\n<meta name=\"description\" content=\"Allenati per Hyrox a Ede al CrossFit Ede - Vallei. Combina forza e resistenza con un coaching professionale e una programmazione intelligente.\" \/>\n<meta name=\"robots\" content=\"index, follow, max-snippet:-1, max-image-preview:large, max-video-preview:-1\" \/>\n<link rel=\"canonical\" href=\"https:\/\/crossfitede.nl\/it\/formazione-hyrox-a-ede\/\" \/>\n<meta property=\"og:locale\" content=\"it_IT\" \/>\n<meta property=\"og:type\" content=\"article\" \/>\n<meta property=\"og:title\" content=\"Hyrox Ede\" \/>\n<meta property=\"og:description\" content=\"Allenati per Hyrox a Ede al CrossFit Ede - Vallei. Combina forza e resistenza con un coaching professionale e una programmazione intelligente.\" \/>\n<meta property=\"og:url\" content=\"https:\/\/crossfitede.nl\/it\/formazione-hyrox-a-ede\/\" \/>\n<meta property=\"og:site_name\" content=\"CrossFit Ede - Vallei\" \/>\n<meta property=\"article:publisher\" content=\"https:\/\/www.facebook.com\/profile.php?id=61586847666417&amp;locale=nl_NL\" \/>\n<meta property=\"article:modified_time\" content=\"2026-03-09T17:09:55+00:00\" \/>\n<meta property=\"og:image\" content=\"https:\/\/crossfitede.nl\/wp-content\/uploads\/2026\/02\/ND56371-1-scaled.webp\" \/>\n\t<meta property=\"og:image:width\" content=\"1920\" \/>\n\t<meta property=\"og:image:height\" content=\"1280\" \/>\n\t<meta property=\"og:image:type\" content=\"image\/webp\" \/>\n<meta name=\"twitter:card\" content=\"summary_large_image\" \/>\n<meta name=\"twitter:label1\" content=\"Tempo di lettura stimato\" \/>\n\t<meta name=\"twitter:data1\" content=\"2 minuti\" \/>\n<script type=\"application\/ld+json\" class=\"yoast-schema-graph\">{\"@context\":\"https:\\\/\\\/schema.org\",\"@graph\":[{\"@type\":\"WebPage\",\"@id\":\"https:\\\/\\\/crossfitede.nl\\\/it\\\/formazione-hyrox-a-ede\\\/\",\"url\":\"https:\\\/\\\/crossfitede.nl\\\/it\\\/formazione-hyrox-a-ede\\\/\",\"name\":\"%\",\"isPartOf\":{\"@id\":\"https:\\\/\\\/crossfitede.nl\\\/it\\\/#website\"},\"primaryImageOfPage\":{\"@id\":\"https:\\\/\\\/crossfitede.nl\\\/it\\\/formazione-hyrox-a-ede\\\/#primaryimage\"},\"image\":{\"@id\":\"https:\\\/\\\/crossfitede.nl\\\/it\\\/formazione-hyrox-a-ede\\\/#primaryimage\"},\"thumbnailUrl\":\"https:\\\/\\\/crossfitede.nl\\\/wp-content\\\/uploads\\\/2026\\\/02\\\/ND56371-1-scaled.webp\",\"datePublished\":\"2026-03-09T15:15:40+00:00\",\"dateModified\":\"2026-03-09T17:09:55+00:00\",\"description\":\"Allenati per Hyrox a Ede al CrossFit Ede - Vallei. Combina forza e resistenza con un coaching professionale e una programmazione intelligente.\",\"breadcrumb\":{\"@id\":\"https:\\\/\\\/crossfitede.nl\\\/it\\\/formazione-hyrox-a-ede\\\/#breadcrumb\"},\"inLanguage\":\"it-IT\",\"potentialAction\":[{\"@type\":\"ReadAction\",\"target\":[\"https:\\\/\\\/crossfitede.nl\\\/it\\\/formazione-hyrox-a-ede\\\/\"]}]},{\"@type\":\"ImageObject\",\"inLanguage\":\"it-IT\",\"@id\":\"https:\\\/\\\/crossfitede.nl\\\/it\\\/formazione-hyrox-a-ede\\\/#primaryimage\",\"url\":\"https:\\\/\\\/crossfitede.nl\\\/wp-content\\\/uploads\\\/2026\\\/02\\\/ND56371-1-scaled.webp\",\"contentUrl\":\"https:\\\/\\\/crossfitede.nl\\\/wp-content\\\/uploads\\\/2026\\\/02\\\/ND56371-1-scaled.webp\",\"width\":1920,\"height\":1280,\"caption\":\"Colpi di Hyrox WallBall\"},{\"@type\":\"BreadcrumbList\",\"@id\":\"https:\\\/\\\/crossfitede.nl\\\/it\\\/formazione-hyrox-a-ede\\\/#breadcrumb\",\"itemListElement\":[{\"@type\":\"ListItem\",\"position\":1,\"name\":\"Home\",\"item\":\"https:\\\/\\\/crossfitede.nl\\\/it\\\/home\\\/\"},{\"@type\":\"ListItem\",\"position\":2,\"name\":\"Hyrox Ede\"}]},{\"@type\":\"WebSite\",\"@id\":\"https:\\\/\\\/crossfitede.nl\\\/it\\\/#website\",\"url\":\"https:\\\/\\\/crossfitede.nl\\\/it\\\/\",\"name\":\"CrossFit Ede - Vallei\",\"description\":\"We Are All Athletes\",\"publisher\":{\"@id\":\"https:\\\/\\\/crossfitede.nl\\\/it\\\/#organization\"},\"potentialAction\":[{\"@type\":\"SearchAction\",\"target\":{\"@type\":\"EntryPoint\",\"urlTemplate\":\"https:\\\/\\\/crossfitede.nl\\\/it\\\/?s={search_term_string}\"},\"query-input\":{\"@type\":\"PropertyValueSpecification\",\"valueRequired\":true,\"valueName\":\"search_term_string\"}}],\"inLanguage\":\"it-IT\"},{\"@type\":\"Organization\",\"@id\":\"https:\\\/\\\/crossfitede.nl\\\/it\\\/#organization\",\"name\":\"CrossFit Ede - Vallei\",\"url\":\"https:\\\/\\\/crossfitede.nl\\\/it\\\/\",\"logo\":{\"@type\":\"ImageObject\",\"inLanguage\":\"it-IT\",\"@id\":\"https:\\\/\\\/crossfitede.nl\\\/it\\\/#\\\/schema\\\/logo\\\/image\\\/\",\"url\":\"https:\\\/\\\/crossfitede.nl\\\/wp-content\\\/uploads\\\/2026\\\/01\\\/Kopie-van-CrossFit_EdeVallei-1.png\",\"contentUrl\":\"https:\\\/\\\/crossfitede.nl\\\/wp-content\\\/uploads\\\/2026\\\/01\\\/Kopie-van-CrossFit_EdeVallei-1.png\",\"width\":950,\"height\":440,\"caption\":\"CrossFit Ede - Vallei\"},\"image\":{\"@id\":\"https:\\\/\\\/crossfitede.nl\\\/it\\\/#\\\/schema\\\/logo\\\/image\\\/\"},\"sameAs\":[\"https:\\\/\\\/www.facebook.com\\\/profile.php?id=61586847666417&locale=nl_NL\"]}]}<\/script>\n<!-- \/ Yoast SEO Premium plugin. -->","yoast_head_json":{"title":"%","description":"Allenati per Hyrox a Ede al CrossFit Ede - Vallei. Combina forza e resistenza con un coaching professionale e una programmazione intelligente.","robots":{"index":"index","follow":"follow","max-snippet":"max-snippet:-1","max-image-preview":"max-image-preview:large","max-video-preview":"max-video-preview:-1"},"canonical":"https:\/\/crossfitede.nl\/it\/formazione-hyrox-a-ede\/","og_locale":"it_IT","og_type":"article","og_title":"Hyrox Ede","og_description":"Allenati per Hyrox a Ede al CrossFit Ede - Vallei. Combina forza e resistenza con un coaching professionale e una programmazione intelligente.","og_url":"https:\/\/crossfitede.nl\/it\/formazione-hyrox-a-ede\/","og_site_name":"CrossFit Ede - Vallei","article_publisher":"https:\/\/www.facebook.com\/profile.php?id=61586847666417&locale=nl_NL","article_modified_time":"2026-03-09T17:09:55+00:00","og_image":[{"width":1920,"height":1280,"url":"https:\/\/crossfitede.nl\/wp-content\/uploads\/2026\/02\/ND56371-1-scaled.webp","type":"image\/webp"}],"twitter_card":"summary_large_image","twitter_misc":{"Tempo di lettura stimato":"2 minuti"},"schema":{"@context":"https:\/\/schema.org","@graph":[{"@type":"WebPage","@id":"https:\/\/crossfitede.nl\/it\/formazione-hyrox-a-ede\/","url":"https:\/\/crossfitede.nl\/it\/formazione-hyrox-a-ede\/","name":"%","isPartOf":{"@id":"https:\/\/crossfitede.nl\/it\/#website"},"primaryImageOfPage":{"@id":"https:\/\/crossfitede.nl\/it\/formazione-hyrox-a-ede\/#primaryimage"},"image":{"@id":"https:\/\/crossfitede.nl\/it\/formazione-hyrox-a-ede\/#primaryimage"},"thumbnailUrl":"https:\/\/crossfitede.nl\/wp-content\/uploads\/2026\/02\/ND56371-1-scaled.webp","datePublished":"2026-03-09T15:15:40+00:00","dateModified":"2026-03-09T17:09:55+00:00","description":"Allenati per Hyrox a Ede al CrossFit Ede - Vallei. Combina forza e resistenza con un coaching professionale e una programmazione intelligente.","breadcrumb":{"@id":"https:\/\/crossfitede.nl\/it\/formazione-hyrox-a-ede\/#breadcrumb"},"inLanguage":"it-IT","potentialAction":[{"@type":"ReadAction","target":["https:\/\/crossfitede.nl\/it\/formazione-hyrox-a-ede\/"]}]},{"@type":"ImageObject","inLanguage":"it-IT","@id":"https:\/\/crossfitede.nl\/it\/formazione-hyrox-a-ede\/#primaryimage","url":"https:\/\/crossfitede.nl\/wp-content\/uploads\/2026\/02\/ND56371-1-scaled.webp","contentUrl":"https:\/\/crossfitede.nl\/wp-content\/uploads\/2026\/02\/ND56371-1-scaled.webp","width":1920,"height":1280,"caption":"Colpi di Hyrox WallBall"},{"@type":"BreadcrumbList","@id":"https:\/\/crossfitede.nl\/it\/formazione-hyrox-a-ede\/#breadcrumb","itemListElement":[{"@type":"ListItem","position":1,"name":"Home","item":"https:\/\/crossfitede.nl\/it\/home\/"},{"@type":"ListItem","position":2,"name":"Hyrox Ede"}]},{"@type":"WebSite","@id":"https:\/\/crossfitede.nl\/it\/#website","url":"https:\/\/crossfitede.nl\/it\/","name":"CrossFit Ede - Vallei","description":"We Are All Athletes","publisher":{"@id":"https:\/\/crossfitede.nl\/it\/#organization"},"potentialAction":[{"@type":"SearchAction","target":{"@type":"EntryPoint","urlTemplate":"https:\/\/crossfitede.nl\/it\/?s={search_term_string}"},"query-input":{"@type":"PropertyValueSpecification","valueRequired":true,"valueName":"search_term_string"}}],"inLanguage":"it-IT"},{"@type":"Organization","@id":"https:\/\/crossfitede.nl\/it\/#organization","name":"CrossFit Ede - Vallei","url":"https:\/\/crossfitede.nl\/it\/","logo":{"@type":"ImageObject","inLanguage":"it-IT","@id":"https:\/\/crossfitede.nl\/it\/#\/schema\/logo\/image\/","url":"https:\/\/crossfitede.nl\/wp-content\/uploads\/2026\/01\/Kopie-van-CrossFit_EdeVallei-1.png","contentUrl":"https:\/\/crossfitede.nl\/wp-content\/uploads\/2026\/01\/Kopie-van-CrossFit_EdeVallei-1.png","width":950,"height":440,"caption":"CrossFit Ede - Vallei"},"image":{"@id":"https:\/\/crossfitede.nl\/it\/#\/schema\/logo\/image\/"},"sameAs":["https:\/\/www.facebook.com\/profile.php?id=61586847666417&locale=nl_NL"]}]}},"_links":{"self":[{"href":"https:\/\/crossfitede.nl\/it\/wp-json\/wp\/v2\/pages\/1977","targetHints":{"allow":["GET"]}}],"collection":[{"href":"https:\/\/crossfitede.nl\/it\/wp-json\/wp\/v2\/pages"}],"about":[{"href":"https:\/\/crossfitede.nl\/it\/wp-json\/wp\/v2\/types\/page"}],"author":[{"embeddable":true,"href":"https:\/\/crossfitede.nl\/it\/wp-json\/wp\/v2\/users\/1"}],"replies":[{"embeddable":true,"href":"https:\/\/crossfitede.nl\/it\/wp-json\/wp\/v2\/comments?post=1977"}],"version-history":[{"count":14,"href":"https:\/\/crossfitede.nl\/it\/wp-json\/wp\/v2\/pages\/1977\/revisions"}],"predecessor-version":[{"id":2100,"href":"https:\/\/crossfitede.nl\/it\/wp-json\/wp\/v2\/pages\/1977\/revisions\/2100"}],"wp:featuredmedia":[{"embeddable":true,"href":"https:\/\/crossfitede.nl\/it\/wp-json\/wp\/v2\/media\/1818"}],"wp:attachment":[{"href":"https:\/\/crossfitede.nl\/it\/wp-json\/wp\/v2\/media?parent=1977"}],"curies":[{"name":"wp","href":"https:\/\/api.w.org\/{rel}","templated":true}]}}