{"id":1438,"date":"2026-02-19T09:53:52","date_gmt":"2026-02-19T09:53:52","guid":{"rendered":"https:\/\/crossfitede.nl\/pagina-del-blog\/"},"modified":"2026-02-25T19:04:49","modified_gmt":"2026-02-25T19:04:49","slug":"pagina-del-blog","status":"publish","type":"page","link":"https:\/\/crossfitede.nl\/it\/pagina-del-blog\/","title":{"rendered":"Pagina del blog"},"content":{"rendered":"\t\t<div data-elementor-type=\"wp-page\" data-elementor-id=\"1438\" class=\"elementor elementor-1438 elementor-1429\" data-elementor-post-type=\"page\">\n\t\t\t\t<div class=\"elementor-element elementor-element-0df6163 e-flex e-con-boxed e-con e-parent\" data-id=\"0df6163\" data-element_type=\"container\" data-e-type=\"container\" data-settings=\"{&quot;background_background&quot;:&quot;classic&quot;}\">\n\t\t\t\t\t<div class=\"e-con-inner\">\n\t\t\t\t<div class=\"elementor-element elementor-element-cf074fd elementor-widget elementor-widget-heading\" data-id=\"cf074fd\" data-element_type=\"widget\" data-e-type=\"widget\" data-widget_type=\"heading.default\">\n\t\t\t\t\t<h2 class=\"elementor-heading-title elementor-size-default\">Benvenuto nella pagina del nostro blog<\/h2>\t\t\t\t<\/div>\n\t\t\t\t<div class=\"elementor-element elementor-element-3cae8e7 elementor-grid-3 elementor-grid-tablet-2 elementor-grid-mobile-1 elementor-posts--thumbnail-top elementor-widget elementor-widget-posts\" data-id=\"3cae8e7\" data-element_type=\"widget\" data-e-type=\"widget\" data-settings=\"{&quot;classic_columns&quot;:&quot;3&quot;,&quot;classic_columns_tablet&quot;:&quot;2&quot;,&quot;classic_columns_mobile&quot;:&quot;1&quot;,&quot;classic_row_gap&quot;:{&quot;unit&quot;:&quot;px&quot;,&quot;size&quot;:35,&quot;sizes&quot;:[]},&quot;classic_row_gap_tablet&quot;:{&quot;unit&quot;:&quot;px&quot;,&quot;size&quot;:&quot;&quot;,&quot;sizes&quot;:[]},&quot;classic_row_gap_mobile&quot;:{&quot;unit&quot;:&quot;px&quot;,&quot;size&quot;:&quot;&quot;,&quot;sizes&quot;:[]}}\" data-widget_type=\"posts.classic\">\n\t\t\t\t<div class=\"elementor-widget-container\">\n\t\t\t\t\t\t\t<div class=\"elementor-posts-container elementor-posts elementor-posts--skin-classic elementor-grid\" role=\"list\">\n\t\t\t\t<article class=\"elementor-post elementor-grid-item post-2332 post type-post status-publish format-standard has-post-thumbnail hentry category-senza-categoria\" role=\"listitem\">\n\t\t\t\t<a class=\"elementor-post__thumbnail__link\" href=\"https:\/\/crossfitede.nl\/it\/allenarsi-durante-le-mestruazioni\/\" tabindex=\"-1\" >\n\t\t\t<div class=\"elementor-post__thumbnail\"><img fetchpriority=\"high\" decoding=\"async\" width=\"640\" height=\"427\" src=\"https:\/\/crossfitede.nl\/wp-content\/uploads\/2026\/03\/ND51075-2-1024x683.webp\" class=\"attachment-large size-large wp-image-2333\" alt=\"Formazione sulle mestruazioni\" srcset=\"https:\/\/crossfitede.nl\/wp-content\/uploads\/2026\/03\/ND51075-2-1024x683.webp 1024w, https:\/\/crossfitede.nl\/wp-content\/uploads\/2026\/03\/ND51075-2-300x200.webp 300w, https:\/\/crossfitede.nl\/wp-content\/uploads\/2026\/03\/ND51075-2-768x512.webp 768w, https:\/\/crossfitede.nl\/wp-content\/uploads\/2026\/03\/ND51075-2-1536x1024.webp 1536w, https:\/\/crossfitede.nl\/wp-content\/uploads\/2026\/03\/ND51075-2-930x620.webp 930w, https:\/\/crossfitede.nl\/wp-content\/uploads\/2026\/03\/ND51075-2.webp 1920w\" sizes=\"(max-width: 640px) 100vw, 640px\" \/><\/div>\n\t\t<\/a>\n\t\t\t\t<div class=\"elementor-post__text\">\n\t\t\t\t<h3 class=\"elementor-post__title\">\n\t\t\t<a href=\"https:\/\/crossfitede.nl\/it\/allenarsi-durante-le-mestruazioni\/\" >\n\t\t\t\tAllenarsi durante le mestruazioni\t\t\t<\/a>\n\t\t<\/h3>\n\t\t\t\t<div class=\"elementor-post__excerpt\">\n\t\t\t<p>Allenarsi durante le mestruazioni: le donne hanno davvero bisogno di allenarsi in modo diverso? Questo \u00e8 uno di quegli argomenti su cui improvvisamente tutti hanno un&#8217;opinione negli ultimi anni: allenarsi durante le mestruazioni e il ciclo. Se si guarda alla scienza, la risposta \u00e8 francamente meno bianca e nera di quanto i social media facciano<\/p>\n\t\t<\/div>\n\t\t\n\t\t<a class=\"elementor-post__read-more\" href=\"https:\/\/crossfitede.nl\/it\/allenarsi-durante-le-mestruazioni\/\" aria-label=\"Leggi tutto Allenarsi durante le mestruazioni\" tabindex=\"-1\" >\n\t\t\tLeggi di pi\u00f9 \"\t\t<\/a>\n\n\t\t\t\t<\/div>\n\t\t\t\t<\/article>\n\t\t\t\t<article class=\"elementor-post elementor-grid-item post-2253 post type-post status-publish format-standard has-post-thumbnail hentry category-senza-categoria\" role=\"listitem\">\n\t\t\t\t<a class=\"elementor-post__thumbnail__link\" href=\"https:\/\/crossfitede.nl\/it\/creatina\/\" tabindex=\"-1\" >\n\t\t\t<div class=\"elementor-post__thumbnail\"><img decoding=\"async\" width=\"640\" height=\"427\" src=\"https:\/\/crossfitede.nl\/wp-content\/uploads\/2026\/03\/ND56779-1024x683.jpg\" class=\"attachment-large size-large wp-image-2255\" alt=\"Creatina\" srcset=\"https:\/\/crossfitede.nl\/wp-content\/uploads\/2026\/03\/ND56779-1024x683.jpg 1024w, https:\/\/crossfitede.nl\/wp-content\/uploads\/2026\/03\/ND56779-300x200.jpg 300w, https:\/\/crossfitede.nl\/wp-content\/uploads\/2026\/03\/ND56779-768x512.jpg 768w, https:\/\/crossfitede.nl\/wp-content\/uploads\/2026\/03\/ND56779-1536x1024.jpg 1536w, https:\/\/crossfitede.nl\/wp-content\/uploads\/2026\/03\/ND56779-2048x1366.jpg 2048w, https:\/\/crossfitede.nl\/wp-content\/uploads\/2026\/03\/ND56779-930x620.jpg 930w\" sizes=\"(max-width: 640px) 100vw, 640px\" \/><\/div>\n\t\t<\/a>\n\t\t\t\t<div class=\"elementor-post__text\">\n\t\t\t\t<h3 class=\"elementor-post__title\">\n\t\t\t<a href=\"https:\/\/crossfitede.nl\/it\/creatina\/\" >\n\t\t\t\tCreatina\t\t\t<\/a>\n\t\t<\/h3>\n\t\t\t\t<div class=\"elementor-post__excerpt\">\n\t\t\t<p>Creatina nel CrossFit: cosa dice la scienza? La creatina \u00e8 forse l&#8217;integratore pi\u00f9 discusso nell&#8217;ambito del CrossFit. Ma tra tutti i consigli di Instagram, il clamore del pre-allenamento e le affermazioni del marketing, spesso si dimentica una cosa: Cosa dice la scienza? In questo blog ti spiego cosa fa davvero la creatina, a chi \u00e8<\/p>\n\t\t<\/div>\n\t\t\n\t\t<a class=\"elementor-post__read-more\" href=\"https:\/\/crossfitede.nl\/it\/creatina\/\" aria-label=\"Leggi tutto Creatina\" tabindex=\"-1\" >\n\t\t\tLeggi di pi\u00f9 \"\t\t<\/a>\n\n\t\t\t\t<\/div>\n\t\t\t\t<\/article>\n\t\t\t\t<article class=\"elementor-post elementor-grid-item post-2147 post type-post status-publish format-standard has-post-thumbnail hentry category-senza-categoria\" role=\"listitem\">\n\t\t\t\t<a class=\"elementor-post__thumbnail__link\" href=\"https:\/\/crossfitede.nl\/it\/salute-mentale-e-crossfit\/\" tabindex=\"-1\" >\n\t\t\t<div class=\"elementor-post__thumbnail\"><img decoding=\"async\" width=\"640\" height=\"427\" src=\"https:\/\/crossfitede.nl\/wp-content\/uploads\/2026\/03\/NZ9_1798-1-1024x683.webp\" class=\"attachment-large size-large wp-image-2149\" alt=\"Allenatore di CrossFit\" srcset=\"https:\/\/crossfitede.nl\/wp-content\/uploads\/2026\/03\/NZ9_1798-1-1024x683.webp 1024w, https:\/\/crossfitede.nl\/wp-content\/uploads\/2026\/03\/NZ9_1798-1-300x200.webp 300w, https:\/\/crossfitede.nl\/wp-content\/uploads\/2026\/03\/NZ9_1798-1-768x512.webp 768w, https:\/\/crossfitede.nl\/wp-content\/uploads\/2026\/03\/NZ9_1798-1-1536x1024.webp 1536w, https:\/\/crossfitede.nl\/wp-content\/uploads\/2026\/03\/NZ9_1798-1-930x620.webp 930w, https:\/\/crossfitede.nl\/wp-content\/uploads\/2026\/03\/NZ9_1798-1.webp 1920w\" sizes=\"(max-width: 640px) 100vw, 640px\" \/><\/div>\n\t\t<\/a>\n\t\t\t\t<div class=\"elementor-post__text\">\n\t\t\t\t<h3 class=\"elementor-post__title\">\n\t\t\t<a href=\"https:\/\/crossfitede.nl\/it\/salute-mentale-e-crossfit\/\" >\n\t\t\t\tSalute mentale e CrossFit\t\t\t<\/a>\n\t\t<\/h3>\n\t\t\t\t<div class=\"elementor-post__excerpt\">\n\t\t\t<p>Salute mentale nello sport: perch\u00e9 lo sport rende pi\u00f9 forte la tua salute mentale (e l&#8217;allenatore fa la differenza) La salute mentale non \u00e8 un ripensamento. \u00c8 la base. Eppure, ogni giorno vedo persone che pensano che lo sport riguardi solo la progressione fisica. Ma se guardiamo a ci\u00f2 che la scienza dice sulla salute<\/p>\n\t\t<\/div>\n\t\t\n\t\t<a class=\"elementor-post__read-more\" href=\"https:\/\/crossfitede.nl\/it\/salute-mentale-e-crossfit\/\" aria-label=\"Leggi tutto Salute mentale e CrossFit\" tabindex=\"-1\" >\n\t\t\tLeggi di pi\u00f9 \"\t\t<\/a>\n\n\t\t\t\t<\/div>\n\t\t\t\t<\/article>\n\t\t\t\t<article class=\"elementor-post elementor-grid-item post-1817 post type-post status-publish format-standard has-post-thumbnail hentry category-senza-categoria\" role=\"listitem\">\n\t\t\t\t<a class=\"elementor-post__thumbnail__link\" href=\"https:\/\/crossfitede.nl\/it\/come-ci-si-allena-per-un-hyrox-a-ede-la-guida-completa-per-i-principianti\/\" tabindex=\"-1\" >\n\t\t\t<div class=\"elementor-post__thumbnail\"><img loading=\"lazy\" decoding=\"async\" width=\"640\" height=\"427\" src=\"https:\/\/crossfitede.nl\/wp-content\/uploads\/2026\/02\/ND56371-1-1024x683.webp\" class=\"attachment-large size-large wp-image-1818\" alt=\"Colpi di Hyrox WallBall\" srcset=\"https:\/\/crossfitede.nl\/wp-content\/uploads\/2026\/02\/ND56371-1-1024x683.webp 1024w, https:\/\/crossfitede.nl\/wp-content\/uploads\/2026\/02\/ND56371-1-300x200.webp 300w, https:\/\/crossfitede.nl\/wp-content\/uploads\/2026\/02\/ND56371-1-768x512.webp 768w, https:\/\/crossfitede.nl\/wp-content\/uploads\/2026\/02\/ND56371-1-1536x1024.webp 1536w, https:\/\/crossfitede.nl\/wp-content\/uploads\/2026\/02\/ND56371-1-scaled.webp 1920w, https:\/\/crossfitede.nl\/wp-content\/uploads\/2026\/02\/ND56371-1-930x620.webp 930w\" sizes=\"(max-width: 640px) 100vw, 640px\" \/><\/div>\n\t\t<\/a>\n\t\t\t\t<div class=\"elementor-post__text\">\n\t\t\t\t<h3 class=\"elementor-post__title\">\n\t\t\t<a href=\"https:\/\/crossfitede.nl\/it\/come-ci-si-allena-per-un-hyrox-a-ede-la-guida-completa-per-i-principianti\/\" >\n\t\t\t\tCome ci si allena per un Hyrox a Ede? La guida completa per i principianti\t\t\t<\/a>\n\t\t<\/h3>\n\t\t\t\t<div class=\"elementor-post__excerpt\">\n\t\t\t<p>Come ci si allena per un Hyrox a Ede? Ecco come lo affrontiamo a CrossFit Ede &#8211; Vallei. Hyrox \u00e8 una gara di fitness unica nel suo genere. Combina 8 volte 1 km di corsa con esercizi funzionali come spinta della slitta, trazione della slitta, salti larghi con burpee e trasporto dei contadini. &nbsp;Vivi a<\/p>\n\t\t<\/div>\n\t\t\n\t\t<a class=\"elementor-post__read-more\" href=\"https:\/\/crossfitede.nl\/it\/come-ci-si-allena-per-un-hyrox-a-ede-la-guida-completa-per-i-principianti\/\" aria-label=\"Leggi tutto Come ci si allena per un Hyrox a Ede? La guida completa per i principianti\" tabindex=\"-1\" >\n\t\t\tLeggi di pi\u00f9 \"\t\t<\/a>\n\n\t\t\t\t<\/div>\n\t\t\t\t<\/article>\n\t\t\t\t<article class=\"elementor-post elementor-grid-item post-1662 post type-post status-publish format-standard has-post-thumbnail hentry category-senza-categoria\" role=\"listitem\">\n\t\t\t\t<a class=\"elementor-post__thumbnail__link\" href=\"https:\/\/crossfitede.nl\/it\/crossfitting-con-infortunio\/\" tabindex=\"-1\" >\n\t\t\t<div class=\"elementor-post__thumbnail\"><img loading=\"lazy\" decoding=\"async\" width=\"640\" height=\"427\" src=\"https:\/\/crossfitede.nl\/wp-content\/uploads\/2026\/02\/NZ9_3226-2-1024x683.webp\" class=\"attachment-large size-large wp-image-1686\" alt=\"Infortunio alla spalla nel CrossFit\" srcset=\"https:\/\/crossfitede.nl\/wp-content\/uploads\/2026\/02\/NZ9_3226-2-1024x683.webp 1024w, https:\/\/crossfitede.nl\/wp-content\/uploads\/2026\/02\/NZ9_3226-2-300x200.webp 300w, https:\/\/crossfitede.nl\/wp-content\/uploads\/2026\/02\/NZ9_3226-2-768x512.webp 768w, https:\/\/crossfitede.nl\/wp-content\/uploads\/2026\/02\/NZ9_3226-2-1536x1024.webp 1536w, https:\/\/crossfitede.nl\/wp-content\/uploads\/2026\/02\/NZ9_3226-2-930x620.webp 930w, https:\/\/crossfitede.nl\/wp-content\/uploads\/2026\/02\/NZ9_3226-2.webp 1920w\" sizes=\"(max-width: 640px) 100vw, 640px\" \/><\/div>\n\t\t<\/a>\n\t\t\t\t<div class=\"elementor-post__text\">\n\t\t\t\t<h3 class=\"elementor-post__title\">\n\t\t\t<a href=\"https:\/\/crossfitede.nl\/it\/crossfitting-con-infortunio\/\" >\n\t\t\t\tCrossFitting con infortunio\t\t\t<\/a>\n\t\t<\/h3>\n\t\t\t\t<div class=\"elementor-post__excerpt\">\n\t\t\t<p>CrossFitting con infortunio: stupido o intelligente? Il CrossFitting con un infortunio spesso non \u00e8 il problema. Il problema \u00e8 il cattivo allenamento. \"Non dovresti andare a fare CrossFit con problemi alla schiena, vero?\"\"Il CrossFit \u00e8 molto incline agli infortuni\"\"Ti farai solo male\"\"Tutte quelle mosse folli non saranno mai buone\". Il CrossFit \u00e8 soggetto a infortuni?<\/p>\n\t\t<\/div>\n\t\t\n\t\t<a class=\"elementor-post__read-more\" href=\"https:\/\/crossfitede.nl\/it\/crossfitting-con-infortunio\/\" aria-label=\"Leggi tutto CrossFitting con infortunio\" tabindex=\"-1\" >\n\t\t\tLeggi di pi\u00f9 \"\t\t<\/a>\n\n\t\t\t\t<\/div>\n\t\t\t\t<\/article>\n\t\t\t\t<article class=\"elementor-post elementor-grid-item post-1506 post type-post status-publish format-standard has-post-thumbnail hentry category-senza-categoria\" role=\"listitem\">\n\t\t\t\t<a class=\"elementor-post__thumbnail__link\" href=\"https:\/\/crossfitede.nl\/it\/devi-essere-in-forma-prima-di-iniziare-il-crossfit-2\/\" tabindex=\"-1\" >\n\t\t\t<div class=\"elementor-post__thumbnail\"><img loading=\"lazy\" decoding=\"async\" width=\"640\" height=\"427\" src=\"https:\/\/crossfitede.nl\/wp-content\/uploads\/2026\/02\/ND51127-2-1024x683.webp\" class=\"attachment-large size-large wp-image-1620\" alt=\"\" srcset=\"https:\/\/crossfitede.nl\/wp-content\/uploads\/2026\/02\/ND51127-2-1024x683.webp 1024w, https:\/\/crossfitede.nl\/wp-content\/uploads\/2026\/02\/ND51127-2-300x200.webp 300w, https:\/\/crossfitede.nl\/wp-content\/uploads\/2026\/02\/ND51127-2-768x512.webp 768w, https:\/\/crossfitede.nl\/wp-content\/uploads\/2026\/02\/ND51127-2-1536x1024.webp 1536w, https:\/\/crossfitede.nl\/wp-content\/uploads\/2026\/02\/ND51127-2-930x620.webp 930w, https:\/\/crossfitede.nl\/wp-content\/uploads\/2026\/02\/ND51127-2.webp 1920w\" sizes=\"(max-width: 640px) 100vw, 640px\" \/><\/div>\n\t\t<\/a>\n\t\t\t\t<div class=\"elementor-post__text\">\n\t\t\t\t<h3 class=\"elementor-post__title\">\n\t\t\t<a href=\"https:\/\/crossfitede.nl\/it\/devi-essere-in-forma-prima-di-iniziare-il-crossfit-2\/\" >\n\t\t\t\tDevi essere in forma prima di iniziare il CrossFit?\t\t\t<\/a>\n\t\t<\/h3>\n\t\t\t\t<div class=\"elementor-post__excerpt\">\n\t\t\t<p>Devi essere in forma prima di iniziare il CrossFit? Molte persone da Ede a Wageningen e da Bennekom a Veenendaal la pensano cos\u00ec. In questo blog ti spieghiamo perch\u00e9 non \u00e8 assolutamente vero. \"Non sono abbastanza in forma\".\"Tutti quelli che sono l\u00ec sono gi\u00e0 super in forma\".\"Non \u00e8 niente per me\".\"Allora tutti mi guarderanno\". Non<\/p>\n\t\t<\/div>\n\t\t\n\t\t<a class=\"elementor-post__read-more\" href=\"https:\/\/crossfitede.nl\/it\/devi-essere-in-forma-prima-di-iniziare-il-crossfit-2\/\" aria-label=\"Leggi tutto Devi essere in forma prima di iniziare il CrossFit?\" tabindex=\"-1\" >\n\t\t\tLeggi di pi\u00f9 \"\t\t<\/a>\n\n\t\t\t\t<\/div>\n\t\t\t\t<\/article>\n\t\t\t\t<\/div>\n\t\t\n\t\t\t\t\t\t<\/div>\n\t\t\t\t<\/div>\n\t\t\t\t\t<\/div>\n\t\t\t\t<\/div>\n\t\t\t\t<\/div>\n\t\t","protected":false},"excerpt":{"rendered":"<p>Benvenuto nella pagina del nostro blog<\/p>\n","protected":false},"author":1,"featured_media":0,"parent":0,"menu_order":0,"comment_status":"closed","ping_status":"closed","template":"elementor_header_footer","meta":{"solace_meta_sidebar":"","solace_meta_container":"","solace_meta_enable_content_width":"","solace_meta_content_width":0,"solace_meta_title_alignment":"","solace_meta_author_avatar":"","solace_post_elements_order":"","solace_meta_disable_header":"","solace_meta_disable_footer":"","solace_meta_disable_title":"","footnotes":""},"class_list":["post-1438","page","type-page","status-publish","hentry"],"yoast_head":"<!-- This site is optimized with the Yoast SEO Premium plugin v27.1 (Yoast SEO v27.3) - https:\/\/yoast.com\/product\/yoast-seo-premium-wordpress\/ -->\n<title>Pagina del blog - CrossFit Ede - Vallei<\/title>\n<meta name=\"robots\" content=\"index, follow, max-snippet:-1, max-image-preview:large, max-video-preview:-1\" \/>\n<link rel=\"canonical\" href=\"https:\/\/crossfitede.nl\/it\/pagina-del-blog\/\" \/>\n<meta property=\"og:locale\" content=\"it_IT\" \/>\n<meta property=\"og:type\" content=\"article\" \/>\n<meta property=\"og:title\" content=\"Pagina del blog\" \/>\n<meta property=\"og:description\" content=\"Benvenuto nella pagina del nostro blog\" \/>\n<meta property=\"og:url\" content=\"https:\/\/crossfitede.nl\/it\/pagina-del-blog\/\" \/>\n<meta property=\"og:site_name\" content=\"CrossFit Ede - Vallei\" \/>\n<meta property=\"article:publisher\" content=\"https:\/\/www.facebook.com\/profile.php?id=61586847666417&amp;locale=nl_NL\" \/>\n<meta property=\"article:modified_time\" content=\"2026-02-25T19:04:49+00:00\" \/>\n<meta name=\"twitter:card\" content=\"summary_large_image\" \/>\n<script type=\"application\/ld+json\" class=\"yoast-schema-graph\">{\"@context\":\"https:\\\/\\\/schema.org\",\"@graph\":[{\"@type\":\"WebPage\",\"@id\":\"https:\\\/\\\/crossfitede.nl\\\/it\\\/pagina-del-blog\\\/\",\"url\":\"https:\\\/\\\/crossfitede.nl\\\/it\\\/pagina-del-blog\\\/\",\"name\":\"Pagina del blog - CrossFit Ede - Vallei\",\"isPartOf\":{\"@id\":\"https:\\\/\\\/crossfitede.nl\\\/it\\\/#website\"},\"datePublished\":\"2026-02-19T09:53:52+00:00\",\"dateModified\":\"2026-02-25T19:04:49+00:00\",\"breadcrumb\":{\"@id\":\"https:\\\/\\\/crossfitede.nl\\\/it\\\/pagina-del-blog\\\/#breadcrumb\"},\"inLanguage\":\"it-IT\",\"potentialAction\":[{\"@type\":\"ReadAction\",\"target\":[\"https:\\\/\\\/crossfitede.nl\\\/it\\\/pagina-del-blog\\\/\"]}]},{\"@type\":\"BreadcrumbList\",\"@id\":\"https:\\\/\\\/crossfitede.nl\\\/it\\\/pagina-del-blog\\\/#breadcrumb\",\"itemListElement\":[{\"@type\":\"ListItem\",\"position\":1,\"name\":\"Home\",\"item\":\"https:\\\/\\\/crossfitede.nl\\\/it\\\/home\\\/\"},{\"@type\":\"ListItem\",\"position\":2,\"name\":\"Pagina del blog\"}]},{\"@type\":\"WebSite\",\"@id\":\"https:\\\/\\\/crossfitede.nl\\\/it\\\/#website\",\"url\":\"https:\\\/\\\/crossfitede.nl\\\/it\\\/\",\"name\":\"CrossFit Ede - Vallei\",\"description\":\"We Are All Athletes\",\"publisher\":{\"@id\":\"https:\\\/\\\/crossfitede.nl\\\/it\\\/#organization\"},\"potentialAction\":[{\"@type\":\"SearchAction\",\"target\":{\"@type\":\"EntryPoint\",\"urlTemplate\":\"https:\\\/\\\/crossfitede.nl\\\/it\\\/?s={search_term_string}\"},\"query-input\":{\"@type\":\"PropertyValueSpecification\",\"valueRequired\":true,\"valueName\":\"search_term_string\"}}],\"inLanguage\":\"it-IT\"},{\"@type\":\"Organization\",\"@id\":\"https:\\\/\\\/crossfitede.nl\\\/it\\\/#organization\",\"name\":\"CrossFit Ede - Vallei\",\"url\":\"https:\\\/\\\/crossfitede.nl\\\/it\\\/\",\"logo\":{\"@type\":\"ImageObject\",\"inLanguage\":\"it-IT\",\"@id\":\"https:\\\/\\\/crossfitede.nl\\\/it\\\/#\\\/schema\\\/logo\\\/image\\\/\",\"url\":\"https:\\\/\\\/crossfitede.nl\\\/wp-content\\\/uploads\\\/2026\\\/01\\\/Kopie-van-CrossFit_EdeVallei-1.png\",\"contentUrl\":\"https:\\\/\\\/crossfitede.nl\\\/wp-content\\\/uploads\\\/2026\\\/01\\\/Kopie-van-CrossFit_EdeVallei-1.png\",\"width\":950,\"height\":440,\"caption\":\"CrossFit Ede - Vallei\"},\"image\":{\"@id\":\"https:\\\/\\\/crossfitede.nl\\\/it\\\/#\\\/schema\\\/logo\\\/image\\\/\"},\"sameAs\":[\"https:\\\/\\\/www.facebook.com\\\/profile.php?id=61586847666417&locale=nl_NL\"]}]}<\/script>\n<!-- \/ Yoast SEO Premium plugin. -->","yoast_head_json":{"title":"Pagina del blog - CrossFit Ede - Vallei","robots":{"index":"index","follow":"follow","max-snippet":"max-snippet:-1","max-image-preview":"max-image-preview:large","max-video-preview":"max-video-preview:-1"},"canonical":"https:\/\/crossfitede.nl\/it\/pagina-del-blog\/","og_locale":"it_IT","og_type":"article","og_title":"Pagina del blog","og_description":"Benvenuto nella pagina del nostro blog","og_url":"https:\/\/crossfitede.nl\/it\/pagina-del-blog\/","og_site_name":"CrossFit Ede - Vallei","article_publisher":"https:\/\/www.facebook.com\/profile.php?id=61586847666417&locale=nl_NL","article_modified_time":"2026-02-25T19:04:49+00:00","twitter_card":"summary_large_image","schema":{"@context":"https:\/\/schema.org","@graph":[{"@type":"WebPage","@id":"https:\/\/crossfitede.nl\/it\/pagina-del-blog\/","url":"https:\/\/crossfitede.nl\/it\/pagina-del-blog\/","name":"Pagina del blog - CrossFit Ede - Vallei","isPartOf":{"@id":"https:\/\/crossfitede.nl\/it\/#website"},"datePublished":"2026-02-19T09:53:52+00:00","dateModified":"2026-02-25T19:04:49+00:00","breadcrumb":{"@id":"https:\/\/crossfitede.nl\/it\/pagina-del-blog\/#breadcrumb"},"inLanguage":"it-IT","potentialAction":[{"@type":"ReadAction","target":["https:\/\/crossfitede.nl\/it\/pagina-del-blog\/"]}]},{"@type":"BreadcrumbList","@id":"https:\/\/crossfitede.nl\/it\/pagina-del-blog\/#breadcrumb","itemListElement":[{"@type":"ListItem","position":1,"name":"Home","item":"https:\/\/crossfitede.nl\/it\/home\/"},{"@type":"ListItem","position":2,"name":"Pagina del blog"}]},{"@type":"WebSite","@id":"https:\/\/crossfitede.nl\/it\/#website","url":"https:\/\/crossfitede.nl\/it\/","name":"CrossFit Ede - Vallei","description":"We Are All Athletes","publisher":{"@id":"https:\/\/crossfitede.nl\/it\/#organization"},"potentialAction":[{"@type":"SearchAction","target":{"@type":"EntryPoint","urlTemplate":"https:\/\/crossfitede.nl\/it\/?s={search_term_string}"},"query-input":{"@type":"PropertyValueSpecification","valueRequired":true,"valueName":"search_term_string"}}],"inLanguage":"it-IT"},{"@type":"Organization","@id":"https:\/\/crossfitede.nl\/it\/#organization","name":"CrossFit Ede - Vallei","url":"https:\/\/crossfitede.nl\/it\/","logo":{"@type":"ImageObject","inLanguage":"it-IT","@id":"https:\/\/crossfitede.nl\/it\/#\/schema\/logo\/image\/","url":"https:\/\/crossfitede.nl\/wp-content\/uploads\/2026\/01\/Kopie-van-CrossFit_EdeVallei-1.png","contentUrl":"https:\/\/crossfitede.nl\/wp-content\/uploads\/2026\/01\/Kopie-van-CrossFit_EdeVallei-1.png","width":950,"height":440,"caption":"CrossFit Ede - Vallei"},"image":{"@id":"https:\/\/crossfitede.nl\/it\/#\/schema\/logo\/image\/"},"sameAs":["https:\/\/www.facebook.com\/profile.php?id=61586847666417&locale=nl_NL"]}]}},"_links":{"self":[{"href":"https:\/\/crossfitede.nl\/it\/wp-json\/wp\/v2\/pages\/1438","targetHints":{"allow":["GET"]}}],"collection":[{"href":"https:\/\/crossfitede.nl\/it\/wp-json\/wp\/v2\/pages"}],"about":[{"href":"https:\/\/crossfitede.nl\/it\/wp-json\/wp\/v2\/types\/page"}],"author":[{"embeddable":true,"href":"https:\/\/crossfitede.nl\/it\/wp-json\/wp\/v2\/users\/1"}],"replies":[{"embeddable":true,"href":"https:\/\/crossfitede.nl\/it\/wp-json\/wp\/v2\/comments?post=1438"}],"version-history":[{"count":4,"href":"https:\/\/crossfitede.nl\/it\/wp-json\/wp\/v2\/pages\/1438\/revisions"}],"predecessor-version":[{"id":1788,"href":"https:\/\/crossfitede.nl\/it\/wp-json\/wp\/v2\/pages\/1438\/revisions\/1788"}],"wp:attachment":[{"href":"https:\/\/crossfitede.nl\/it\/wp-json\/wp\/v2\/media?parent=1438"}],"curies":[{"name":"wp","href":"https:\/\/api.w.org\/{rel}","templated":true}]}}