{"id":866,"date":"2026-01-24T15:12:09","date_gmt":"2026-01-24T15:12:09","guid":{"rendered":"https:\/\/staging.crossfitede.nl\/clases\/"},"modified":"2026-03-10T11:36:56","modified_gmt":"2026-03-10T11:36:56","slug":"clases","status":"publish","type":"page","link":"https:\/\/crossfitede.nl\/es\/clases\/","title":{"rendered":"Clases"},"content":{"rendered":"\t\t<div data-elementor-type=\"wp-page\" data-elementor-id=\"866\" class=\"elementor elementor-866 elementor-108\" data-elementor-post-type=\"page\">\n\t\t\t\t<div class=\"elementor-element elementor-element-641b129c e-flex e-con-boxed e-con e-parent\" data-id=\"641b129c\" data-element_type=\"container\" data-e-type=\"container\" data-settings=\"{&quot;background_background&quot;:&quot;classic&quot;}\">\n\t\t\t\t\t<div class=\"e-con-inner\">\n\t\t<div class=\"elementor-element elementor-element-39c77b29 e-flex e-con-boxed e-con e-child\" data-id=\"39c77b29\" data-element_type=\"container\" data-e-type=\"container\">\n\t\t\t\t\t<div class=\"e-con-inner\">\n\t\t\t\t<div class=\"elementor-element elementor-element-55905af6 elementor-widget__width-inherit elementor-widget elementor-widget-heading\" data-id=\"55905af6\" data-element_type=\"widget\" data-e-type=\"widget\" data-widget_type=\"heading.default\">\n\t\t\t\t\t<h2 class=\"elementor-heading-title elementor-size-default\">Un enfoque para personas que esperan algo m\u00e1s que \"una buena sudada\" en el gimnasio <\/h2>\t\t\t\t<\/div>\n\t\t\t\t<div class=\"elementor-element elementor-element-5493684c elementor-widget elementor-widget-text-editor\" data-id=\"5493684c\" data-element_type=\"widget\" data-e-type=\"widget\" data-widget_type=\"text-editor.default\">\n\t\t\t\t\t\t\t\t\t<p>No es un gimnasio est\u00e1ndar. Un box de CrossFit para personas que han acabado con los entrenamientos aleatorios y eligen un entrenamiento meditado, un entrenamiento agudo y un nivel constantemente alto.  <\/p>\t\t\t\t\t\t\t\t<\/div>\n\t\t\t\t\t<\/div>\n\t\t\t\t<\/div>\n\t\t\t\t<div class=\"elementor-element elementor-element-32acbfb elementor-view-default elementor-widget elementor-widget-global elementor-global-884 elementor-global-567 elementor-widget-icon\" data-id=\"32acbfb\" data-element_type=\"widget\" data-e-type=\"widget\" data-widget_type=\"icon.default\">\n\t\t\t\t\t\t\t<div class=\"elementor-icon-wrapper\">\n\t\t\t<div class=\"elementor-icon\">\n\t\t\t<svg aria-hidden=\"true\" class=\"e-font-icon-svg e-fas-chevron-down\" viewBox=\"0 0 448 512\" xmlns=\"http:\/\/www.w3.org\/2000\/svg\"><path d=\"M207.029 381.476L12.686 187.132c-9.373-9.373-9.373-24.569 0-33.941l22.667-22.667c9.357-9.357 24.522-9.375 33.901-.04L224 284.505l154.745-154.021c9.379-9.335 24.544-9.317 33.901.04l22.667 22.667c9.373 9.373 9.373 24.569 0 33.941L240.971 381.476c-9.373 9.372-24.569 9.372-33.942 0z\"><\/path><\/svg>\t\t\t<\/div>\n\t\t<\/div>\n\t\t\t\t\t\t<\/div>\n\t\t\t\t\t<\/div>\n\t\t\t\t<\/div>\n\t\t<div class=\"elementor-element elementor-element-68ef7f6 e-flex e-con-boxed e-con e-parent\" data-id=\"68ef7f6\" data-element_type=\"container\" data-e-type=\"container\" data-settings=\"{&quot;background_background&quot;:&quot;classic&quot;}\">\n\t\t\t\t\t<div class=\"e-con-inner\">\n\t\t<div class=\"elementor-element elementor-element-806b42a e-con-full e-flex e-con e-child\" data-id=\"806b42a\" data-element_type=\"container\" data-e-type=\"container\">\n\t\t\t\t<div class=\"elementor-element elementor-element-4d8b8a5 elementor-flip-box--effect-fade elementor-widget elementor-widget-flip-box\" data-id=\"4d8b8a5\" data-element_type=\"widget\" data-e-type=\"widget\" data-widget_type=\"flip-box.default\">\n\t\t\t\t\t\t\t<div class=\"elementor-flip-box\" tabindex=\"0\">\n\t\t\t<div class=\"elementor-flip-box__layer elementor-flip-box__front\">\n\t\t\t\t<div class=\"elementor-flip-box__layer__overlay\">\n\t\t\t\t\t<div class=\"elementor-flip-box__layer__inner\">\n\t\t\t\t\t\t\n\t\t\t\t\t\t\t\t\t\t\t\t\t<h3 class=\"elementor-flip-box__layer__title\">\n\t\t\t\t\t\t\t\tCrossFit\t\t\t\t\t\t\t<\/h3>\n\t\t\t\t\t\t\n\t\t\t\t\t\t\t\t\t\t\t<\/div>\n\t\t\t\t<\/div>\n\t\t\t<\/div>\n\t\t\t<div class=\"elementor-flip-box__layer elementor-flip-box__back\">\n\t\t\t<div class=\"elementor-flip-box__layer__overlay\">\n\t\t\t\t<div class=\"elementor-flip-box__layer__inner\">\n\t\t\t\t\t\t\t\t\t\t\t<h3 class=\"elementor-flip-box__layer__title\">\n\t\t\t\t\t\t\tCrossFit como enfoque principal. \t\t\t\t\t\t<\/h3>\n\t\t\t\t\t\n\t\t\t\t\t\t\t\t\t\t\t<div class=\"elementor-flip-box__layer__description\">\n\t\t\t\t\t\t\tSiempre bajo la gu\u00eda de entrenadores altamente capacitados que saben lo que hacen. La calidad es lo primero. Siempre.  \t\t\t\t\t\t<\/div>\n\t\t\t\t\t\n\t\t\t\t\t\t\t\t\t\t\t<a class=\"elementor-flip-box__button elementor-button elementor-size-sm\" href=\"https:\/\/crossfitede.nl\/crossfit\/\">\n\t\t\t\t\t\t\tCrossFit\t\t\t\t\t\t<\/a>\n\t\t\t\t\t\t\t\t<\/div>\n\t\t<\/div>\n\t\t<\/div>\n\t\t<\/div>\n\t\t\t\t\t\t<\/div>\n\t\t\t\t<\/div>\n\t\t<div class=\"elementor-element elementor-element-1f4c80a e-con-full e-flex e-con e-child\" data-id=\"1f4c80a\" data-element_type=\"container\" data-e-type=\"container\">\n\t\t\t\t<div class=\"elementor-element elementor-element-05a491b elementor-flip-box--effect-fade elementor-widget elementor-widget-flip-box\" data-id=\"05a491b\" data-element_type=\"widget\" data-e-type=\"widget\" data-widget_type=\"flip-box.default\">\n\t\t\t\t\t\t\t<div class=\"elementor-flip-box\" tabindex=\"0\">\n\t\t\t<div class=\"elementor-flip-box__layer elementor-flip-box__front\">\n\t\t\t\t<div class=\"elementor-flip-box__layer__overlay\">\n\t\t\t\t\t<div class=\"elementor-flip-box__layer__inner\">\n\t\t\t\t\t\t\n\t\t\t\t\t\t\t\t\t\t\t\t\t<h3 class=\"elementor-flip-box__layer__title\">\n\t\t\t\t\t\t\t\tFuerza\t\t\t\t\t\t\t<\/h3>\n\t\t\t\t\t\t\n\t\t\t\t\t\t\t\t\t\t\t<\/div>\n\t\t\t\t<\/div>\n\t\t\t<\/div>\n\t\t\t<div class=\"elementor-flip-box__layer elementor-flip-box__back\">\n\t\t\t<div class=\"elementor-flip-box__layer__overlay\">\n\t\t\t\t<div class=\"elementor-flip-box__layer__inner\">\n\t\t\t\t\t\t\t\t\t\t\t<h3 class=\"elementor-flip-box__layer__title\">\n\t\t\t\t\t\t\tNo es complicado.\t\t\t\t\t\t<\/h3>\n\t\t\t\t\t\n\t\t\t\t\t\t\t\t\t\t\t<div class=\"elementor-flip-box__layer__description\">\n\t\t\t\t\t\t\tCoge una barra, haz lo b\u00e1sico y fortal\u00e9cete. Con un entrenador que se asegura de que lo haces bien. Lleva a\u00f1os trabajando.  Sigue funcionando.\t\t\t\t\t\t<\/div>\n\t\t\t\t\t\n\t\t\t\t\t\t\t\t\t\t\t<a class=\"elementor-flip-box__button elementor-button elementor-size-sm\" href=\"https:\/\/crossfitede.nl\/kracht-training-in-ede\/\">\n\t\t\t\t\t\t\tFuerza\t\t\t\t\t\t<\/a>\n\t\t\t\t\t\t\t\t<\/div>\n\t\t<\/div>\n\t\t<\/div>\n\t\t<\/div>\n\t\t\t\t\t\t<\/div>\n\t\t\t\t<\/div>\n\t\t<div class=\"elementor-element elementor-element-4bf4844 e-con-full e-flex e-con e-child\" data-id=\"4bf4844\" data-element_type=\"container\" data-e-type=\"container\">\n\t\t\t\t<div class=\"elementor-element elementor-element-1b88d10 elementor-flip-box--effect-fade elementor-widget elementor-widget-flip-box\" data-id=\"1b88d10\" data-element_type=\"widget\" data-e-type=\"widget\" data-widget_type=\"flip-box.default\">\n\t\t\t\t\t\t\t<div class=\"elementor-flip-box\" tabindex=\"0\">\n\t\t\t<div class=\"elementor-flip-box__layer elementor-flip-box__front\">\n\t\t\t\t<div class=\"elementor-flip-box__layer__overlay\">\n\t\t\t\t\t<div class=\"elementor-flip-box__layer__inner\">\n\t\t\t\t\t\t\n\t\t\t\t\t\t\t\t\t\t\t\t\t<h3 class=\"elementor-flip-box__layer__title\">\n\t\t\t\t\t\t\t\tHyrox\t\t\t\t\t\t\t<\/h3>\n\t\t\t\t\t\t\n\t\t\t\t\t\t\t\t\t\t\t<\/div>\n\t\t\t\t<\/div>\n\t\t\t<\/div>\n\t\t\t<div class=\"elementor-flip-box__layer elementor-flip-box__back\">\n\t\t\t<div class=\"elementor-flip-box__layer__overlay\">\n\t\t\t\t<div class=\"elementor-flip-box__layer__inner\">\n\t\t\t\t\t\t\t\t\t\t\t<h3 class=\"elementor-flip-box__layer__title\">\n\t\t\t\t\t\t\tHYROX requiere un plan. \t\t\t\t\t\t<\/h3>\n\t\t\t\t\t\n\t\t\t\t\t\t\t\t\t\t\t<div class=\"elementor-flip-box__layer__description\">\n\t\t\t\t\t\t\tNo algo aleatorio. Con nuestro conocimiento y enfoque estructurado, entrenas espec\u00edficamente para la carrera. Notar\u00e1s la diferencia.  \t\t\t\t\t\t<\/div>\n\t\t\t\t\t\n\t\t\t\t\t\t\t\t\t\t\t<a class=\"elementor-flip-box__button elementor-button elementor-size-sm\" href=\"http:\/\/crossfitede.nl\/hyrox-ede\">\n\t\t\t\t\t\t\tHyrox\t\t\t\t\t\t<\/a>\n\t\t\t\t\t\t\t\t<\/div>\n\t\t<\/div>\n\t\t<\/div>\n\t\t<\/div>\n\t\t\t\t\t\t<\/div>\n\t\t\t\t<\/div>\n\t\t<div class=\"elementor-element elementor-element-971af01 e-con-full e-flex e-con e-child\" data-id=\"971af01\" data-element_type=\"container\" data-e-type=\"container\">\n\t\t\t\t<div class=\"elementor-element elementor-element-55ae241 elementor-flip-box--effect-fade elementor-widget elementor-widget-flip-box\" data-id=\"55ae241\" data-element_type=\"widget\" data-e-type=\"widget\" data-widget_type=\"flip-box.default\">\n\t\t\t\t\t\t\t<div class=\"elementor-flip-box\" tabindex=\"0\">\n\t\t\t<div class=\"elementor-flip-box__layer elementor-flip-box__front\">\n\t\t\t\t<div class=\"elementor-flip-box__layer__overlay\">\n\t\t\t\t\t<div class=\"elementor-flip-box__layer__inner\">\n\t\t\t\t\t\t\n\t\t\t\t\t\t\t\t\t\t\t\t\t<h3 class=\"elementor-flip-box__layer__title\">\n\t\t\t\t\t\t\t\tGimnasio abierto\t\t\t\t\t\t\t<\/h3>\n\t\t\t\t\t\t\n\t\t\t\t\t\t\t\t\t\t\t<\/div>\n\t\t\t\t<\/div>\n\t\t\t<\/div>\n\t\t\t<div class=\"elementor-flip-box__layer elementor-flip-box__back\">\n\t\t\t<div class=\"elementor-flip-box__layer__overlay\">\n\t\t\t\t<div class=\"elementor-flip-box__layer__inner\">\n\t\t\t\t\t\t\t\t\t\t\t<h3 class=\"elementor-flip-box__layer__title\">\n\t\t\t\t\t\t\t\u00bfUna hora para hacer lo que quieras?\t\t\t\t\t\t<\/h3>\n\t\t\t\t\t\n\t\t\t\t\t\t\t\t\t\t\t<div class=\"elementor-flip-box__layer__description\">\n\t\t\t\t\t\t\t\u00a1Claro que no! Puedes trabajar con esquemas desarrollados por nuestros entrenadores, pero tambi\u00e9n puedes seguir tu propio enfoque.  \t\t\t\t\t\t<\/div>\n\t\t\t\t\t\n\t\t\t\t\t\t\t\t\t\t\t<a class=\"elementor-flip-box__button elementor-button elementor-size-sm\" href=\"http:\/\/crossfitede.nl\/schedule\">\n\t\t\t\t\t\t\tConsultar horario\t\t\t\t\t\t<\/a>\n\t\t\t\t\t\t\t\t<\/div>\n\t\t<\/div>\n\t\t<\/div>\n\t\t<\/div>\n\t\t\t\t\t\t<\/div>\n\t\t\t\t<\/div>\n\t\t\t\t\t<\/div>\n\t\t\t\t<\/div>\n\t\t\t\t<\/div>\n\t\t","protected":false},"excerpt":{"rendered":"<p>Un enfoque para personas que esperan algo m\u00e1s que \u00abuna buena sudada\u00bb en el gimnasio No es un gimnasio est\u00e1ndar. Un box de CrossFit para personas que han acabado con los entrenamientos aleatorios y eligen un entrenamiento meditado, un entrenamiento agudo y un nivel constantemente alto. CrossFit CrossFit como enfoque principal. Siempre bajo la gu\u00eda<\/p>\n","protected":false},"author":1,"featured_media":0,"parent":0,"menu_order":0,"comment_status":"closed","ping_status":"closed","template":"elementor_header_footer","meta":{"solace_meta_sidebar":"","solace_meta_container":"","solace_meta_enable_content_width":"","solace_meta_content_width":0,"solace_meta_title_alignment":"","solace_meta_author_avatar":"","solace_post_elements_order":"","solace_meta_disable_header":"","solace_meta_disable_footer":"","solace_meta_disable_title":"","footnotes":""},"class_list":["post-866","page","type-page","status-publish","hentry"],"yoast_head":"<!-- This site is optimized with the Yoast SEO Premium plugin v27.1 (Yoast SEO v27.3) - https:\/\/yoast.com\/product\/yoast-seo-premium-wordpress\/ -->\n<title>Clases - CrossFit Ede - Vallei<\/title>\n<meta name=\"description\" content=\"No s\u00f3lo para CrossFit, sino tambi\u00e9n para Hyrox y Entrenamiento Persnonal, CrossFit Ede -Vallei es l\u00edder en Ede y alrededores.\" \/>\n<meta name=\"robots\" content=\"index, follow, max-snippet:-1, max-image-preview:large, max-video-preview:-1\" \/>\n<link rel=\"canonical\" href=\"https:\/\/crossfitede.nl\/es\/clases\/\" \/>\n<meta property=\"og:locale\" content=\"es_ES\" \/>\n<meta property=\"og:type\" content=\"article\" \/>\n<meta property=\"og:title\" content=\"Clases\" \/>\n<meta property=\"og:description\" content=\"No s\u00f3lo para CrossFit, sino tambi\u00e9n para Hyrox y Entrenamiento Persnonal, CrossFit Ede -Vallei es l\u00edder en Ede y alrededores.\" \/>\n<meta property=\"og:url\" content=\"https:\/\/crossfitede.nl\/es\/clases\/\" \/>\n<meta property=\"og:site_name\" content=\"CrossFit Ede - Vallei\" \/>\n<meta property=\"article:publisher\" content=\"https:\/\/www.facebook.com\/profile.php?id=61586847666417&amp;locale=nl_NL\" \/>\n<meta property=\"article:modified_time\" content=\"2026-03-10T11:36:56+00:00\" \/>\n<meta name=\"twitter:card\" content=\"summary_large_image\" \/>\n<meta name=\"twitter:label1\" content=\"Tiempo de lectura\" \/>\n\t<meta name=\"twitter:data1\" content=\"1 minuto\" \/>\n<script type=\"application\/ld+json\" class=\"yoast-schema-graph\">{\"@context\":\"https:\\\/\\\/schema.org\",\"@graph\":[{\"@type\":\"WebPage\",\"@id\":\"https:\\\/\\\/crossfitede.nl\\\/es\\\/clases\\\/\",\"url\":\"https:\\\/\\\/crossfitede.nl\\\/es\\\/clases\\\/\",\"name\":\"Clases - CrossFit Ede - Vallei\",\"isPartOf\":{\"@id\":\"https:\\\/\\\/crossfitede.nl\\\/es\\\/#website\"},\"datePublished\":\"2026-01-24T15:12:09+00:00\",\"dateModified\":\"2026-03-10T11:36:56+00:00\",\"description\":\"No s\u00f3lo para CrossFit, sino tambi\u00e9n para Hyrox y Entrenamiento Persnonal, CrossFit Ede -Vallei es l\u00edder en Ede y alrededores.\",\"breadcrumb\":{\"@id\":\"https:\\\/\\\/crossfitede.nl\\\/es\\\/clases\\\/#breadcrumb\"},\"inLanguage\":\"es\",\"potentialAction\":[{\"@type\":\"ReadAction\",\"target\":[\"https:\\\/\\\/crossfitede.nl\\\/es\\\/clases\\\/\"]}]},{\"@type\":\"BreadcrumbList\",\"@id\":\"https:\\\/\\\/crossfitede.nl\\\/es\\\/clases\\\/#breadcrumb\",\"itemListElement\":[{\"@type\":\"ListItem\",\"position\":1,\"name\":\"Home\",\"item\":\"https:\\\/\\\/crossfitede.nl\\\/es\\\/inicio\\\/\"},{\"@type\":\"ListItem\",\"position\":2,\"name\":\"Clases\"}]},{\"@type\":\"WebSite\",\"@id\":\"https:\\\/\\\/crossfitede.nl\\\/es\\\/#website\",\"url\":\"https:\\\/\\\/crossfitede.nl\\\/es\\\/\",\"name\":\"CrossFit Ede - Vallei\",\"description\":\"We Are All Athletes\",\"publisher\":{\"@id\":\"https:\\\/\\\/crossfitede.nl\\\/es\\\/#organization\"},\"potentialAction\":[{\"@type\":\"SearchAction\",\"target\":{\"@type\":\"EntryPoint\",\"urlTemplate\":\"https:\\\/\\\/crossfitede.nl\\\/es\\\/?s={search_term_string}\"},\"query-input\":{\"@type\":\"PropertyValueSpecification\",\"valueRequired\":true,\"valueName\":\"search_term_string\"}}],\"inLanguage\":\"es\"},{\"@type\":\"Organization\",\"@id\":\"https:\\\/\\\/crossfitede.nl\\\/es\\\/#organization\",\"name\":\"CrossFit Ede - Vallei\",\"url\":\"https:\\\/\\\/crossfitede.nl\\\/es\\\/\",\"logo\":{\"@type\":\"ImageObject\",\"inLanguage\":\"es\",\"@id\":\"https:\\\/\\\/crossfitede.nl\\\/es\\\/#\\\/schema\\\/logo\\\/image\\\/\",\"url\":\"https:\\\/\\\/crossfitede.nl\\\/wp-content\\\/uploads\\\/2026\\\/01\\\/Kopie-van-CrossFit_EdeVallei-1.png\",\"contentUrl\":\"https:\\\/\\\/crossfitede.nl\\\/wp-content\\\/uploads\\\/2026\\\/01\\\/Kopie-van-CrossFit_EdeVallei-1.png\",\"width\":950,\"height\":440,\"caption\":\"CrossFit Ede - Vallei\"},\"image\":{\"@id\":\"https:\\\/\\\/crossfitede.nl\\\/es\\\/#\\\/schema\\\/logo\\\/image\\\/\"},\"sameAs\":[\"https:\\\/\\\/www.facebook.com\\\/profile.php?id=61586847666417&locale=nl_NL\"]}]}<\/script>\n<!-- \/ Yoast SEO Premium plugin. -->","yoast_head_json":{"title":"Clases - CrossFit Ede - Vallei","description":"No s\u00f3lo para CrossFit, sino tambi\u00e9n para Hyrox y Entrenamiento Persnonal, CrossFit Ede -Vallei es l\u00edder en Ede y alrededores.","robots":{"index":"index","follow":"follow","max-snippet":"max-snippet:-1","max-image-preview":"max-image-preview:large","max-video-preview":"max-video-preview:-1"},"canonical":"https:\/\/crossfitede.nl\/es\/clases\/","og_locale":"es_ES","og_type":"article","og_title":"Clases","og_description":"No s\u00f3lo para CrossFit, sino tambi\u00e9n para Hyrox y Entrenamiento Persnonal, CrossFit Ede -Vallei es l\u00edder en Ede y alrededores.","og_url":"https:\/\/crossfitede.nl\/es\/clases\/","og_site_name":"CrossFit Ede - Vallei","article_publisher":"https:\/\/www.facebook.com\/profile.php?id=61586847666417&locale=nl_NL","article_modified_time":"2026-03-10T11:36:56+00:00","twitter_card":"summary_large_image","twitter_misc":{"Tiempo de lectura":"1 minuto"},"schema":{"@context":"https:\/\/schema.org","@graph":[{"@type":"WebPage","@id":"https:\/\/crossfitede.nl\/es\/clases\/","url":"https:\/\/crossfitede.nl\/es\/clases\/","name":"Clases - CrossFit Ede - Vallei","isPartOf":{"@id":"https:\/\/crossfitede.nl\/es\/#website"},"datePublished":"2026-01-24T15:12:09+00:00","dateModified":"2026-03-10T11:36:56+00:00","description":"No s\u00f3lo para CrossFit, sino tambi\u00e9n para Hyrox y Entrenamiento Persnonal, CrossFit Ede -Vallei es l\u00edder en Ede y alrededores.","breadcrumb":{"@id":"https:\/\/crossfitede.nl\/es\/clases\/#breadcrumb"},"inLanguage":"es","potentialAction":[{"@type":"ReadAction","target":["https:\/\/crossfitede.nl\/es\/clases\/"]}]},{"@type":"BreadcrumbList","@id":"https:\/\/crossfitede.nl\/es\/clases\/#breadcrumb","itemListElement":[{"@type":"ListItem","position":1,"name":"Home","item":"https:\/\/crossfitede.nl\/es\/inicio\/"},{"@type":"ListItem","position":2,"name":"Clases"}]},{"@type":"WebSite","@id":"https:\/\/crossfitede.nl\/es\/#website","url":"https:\/\/crossfitede.nl\/es\/","name":"CrossFit Ede - Vallei","description":"We Are All Athletes","publisher":{"@id":"https:\/\/crossfitede.nl\/es\/#organization"},"potentialAction":[{"@type":"SearchAction","target":{"@type":"EntryPoint","urlTemplate":"https:\/\/crossfitede.nl\/es\/?s={search_term_string}"},"query-input":{"@type":"PropertyValueSpecification","valueRequired":true,"valueName":"search_term_string"}}],"inLanguage":"es"},{"@type":"Organization","@id":"https:\/\/crossfitede.nl\/es\/#organization","name":"CrossFit Ede - Vallei","url":"https:\/\/crossfitede.nl\/es\/","logo":{"@type":"ImageObject","inLanguage":"es","@id":"https:\/\/crossfitede.nl\/es\/#\/schema\/logo\/image\/","url":"https:\/\/crossfitede.nl\/wp-content\/uploads\/2026\/01\/Kopie-van-CrossFit_EdeVallei-1.png","contentUrl":"https:\/\/crossfitede.nl\/wp-content\/uploads\/2026\/01\/Kopie-van-CrossFit_EdeVallei-1.png","width":950,"height":440,"caption":"CrossFit Ede - Vallei"},"image":{"@id":"https:\/\/crossfitede.nl\/es\/#\/schema\/logo\/image\/"},"sameAs":["https:\/\/www.facebook.com\/profile.php?id=61586847666417&locale=nl_NL"]}]}},"_links":{"self":[{"href":"https:\/\/crossfitede.nl\/es\/wp-json\/wp\/v2\/pages\/866","targetHints":{"allow":["GET"]}}],"collection":[{"href":"https:\/\/crossfitede.nl\/es\/wp-json\/wp\/v2\/pages"}],"about":[{"href":"https:\/\/crossfitede.nl\/es\/wp-json\/wp\/v2\/types\/page"}],"author":[{"embeddable":true,"href":"https:\/\/crossfitede.nl\/es\/wp-json\/wp\/v2\/users\/1"}],"replies":[{"embeddable":true,"href":"https:\/\/crossfitede.nl\/es\/wp-json\/wp\/v2\/comments?post=866"}],"version-history":[{"count":35,"href":"https:\/\/crossfitede.nl\/es\/wp-json\/wp\/v2\/pages\/866\/revisions"}],"predecessor-version":[{"id":2117,"href":"https:\/\/crossfitede.nl\/es\/wp-json\/wp\/v2\/pages\/866\/revisions\/2117"}],"wp:attachment":[{"href":"https:\/\/crossfitede.nl\/es\/wp-json\/wp\/v2\/media?parent=866"}],"curies":[{"name":"wp","href":"https:\/\/api.w.org\/{rel}","templated":true}]}}