{"id":859,"date":"2026-01-24T15:12:09","date_gmt":"2026-01-24T15:12:09","guid":{"rendered":"https:\/\/staging.crossfitede.nl\/inicio\/"},"modified":"2026-03-10T11:36:25","modified_gmt":"2026-03-10T11:36:25","slug":"inicio","status":"publish","type":"page","link":"https:\/\/crossfitede.nl\/es\/","title":{"rendered":"CrossFit Ede &#8211; Valle"},"content":{"rendered":"\t\t<div data-elementor-type=\"wp-page\" data-elementor-id=\"859\" class=\"elementor elementor-859 elementor-110\" data-elementor-post-type=\"page\">\n\t\t\t\t<div class=\"elementor-element elementor-element-undefined-4543b3d e-con-full e-flex e-con e-parent\" data-id=\"undefined-4543b3d\" data-element_type=\"container\" data-e-type=\"container\" data-settings=\"{&quot;background_background&quot;:&quot;classic&quot;}\">\n\t\t<div class=\"elementor-element elementor-element-da51ed7 e-flex e-con-boxed e-con e-child\" data-id=\"da51ed7\" data-element_type=\"container\" data-e-type=\"container\">\n\t\t\t\t\t<div class=\"e-con-inner\">\n\t\t\t\t<div class=\"elementor-element elementor-element-undefined-fc77aa4 elementor-widget__width-inherit elementor-widget elementor-widget-heading\" data-id=\"undefined-fc77aa4\" data-element_type=\"widget\" data-e-type=\"widget\" data-widget_type=\"heading.default\">\n\t\t\t\t\t<h2 class=\"elementor-heading-title elementor-size-default\">Tu nivel de forma f\u00edsica no define si eres un atleta. Tu mentalidad s\u00ed. <\/h2>\t\t\t\t<\/div>\n\t\t\t\t<div class=\"elementor-element elementor-element-undefined-f2e6c29 elementor-widget__width-inherit elementor-widget elementor-widget-text-editor\" data-id=\"undefined-f2e6c29\" data-element_type=\"widget\" data-e-type=\"widget\" data-widget_type=\"text-editor.default\">\n\t\t\t\t\t\t\t\t\t<p class=\"x-text-content-text-primary\">No es un gimnasio cualquiera en Ede. Nuestro box est\u00e1 ah\u00ed para todas las personas, siempre que se sientan impulsadas a sacarle todo el partido a su entrenamiento. Aqu\u00ed se crean atletas incansables con una mentalidad deportiva de primera clase.  <\/p>\t\t\t\t\t\t\t\t<\/div>\n\t\t\t\t<div class=\"elementor-element elementor-element-undefined-a56c5f5 elementor-widget__width-auto elementor-align-right elementor-widget elementor-widget-button\" data-id=\"undefined-a56c5f5\" data-element_type=\"widget\" data-e-type=\"widget\" data-widget_type=\"button.default\">\n\t\t\t\t\t\t\t\t\t\t<a class=\"elementor-button elementor-button-link elementor-size-sm\" href=\"https:\/\/cfedevallei.sportbitapp.nl\/web\/nl\/proeflesplanner\/kalender\">\n\t\t\t\t\t\t<span class=\"elementor-button-content-wrapper\">\n\t\t\t\t\t\t\t\t\t<span class=\"elementor-button-text\">Clase De Prueba<\/span>\n\t\t\t\t\t<\/span>\n\t\t\t\t\t<\/a>\n\t\t\t\t\t\t\t\t<\/div>\n\t\t\t\t<div class=\"elementor-element elementor-element-dcc5b72 elementor-view-default elementor-widget elementor-widget-icon\" data-id=\"dcc5b72\" data-element_type=\"widget\" data-e-type=\"widget\" data-widget_type=\"icon.default\">\n\t\t\t\t\t\t\t<div class=\"elementor-icon-wrapper\">\n\t\t\t<div class=\"elementor-icon\">\n\t\t\t<svg aria-hidden=\"true\" class=\"e-font-icon-svg e-fas-chevron-down\" viewBox=\"0 0 448 512\" xmlns=\"http:\/\/www.w3.org\/2000\/svg\"><path d=\"M207.029 381.476L12.686 187.132c-9.373-9.373-9.373-24.569 0-33.941l22.667-22.667c9.357-9.357 24.522-9.375 33.901-.04L224 284.505l154.745-154.021c9.379-9.335 24.544-9.317 33.901.04l22.667 22.667c9.373 9.373 9.373 24.569 0 33.941L240.971 381.476c-9.373 9.372-24.569 9.372-33.942 0z\"><\/path><\/svg>\t\t\t<\/div>\n\t\t<\/div>\n\t\t\t\t\t\t<\/div>\n\t\t\t\t\t<\/div>\n\t\t\t\t<\/div>\n\t\t\t\t<\/div>\n\t\t<div class=\"elementor-element elementor-element-60f8f87 e-flex e-con-boxed e-con e-parent\" data-id=\"60f8f87\" data-element_type=\"container\" data-e-type=\"container\" data-settings=\"{&quot;background_background&quot;:&quot;classic&quot;}\">\n\t\t\t\t\t<div class=\"e-con-inner\">\n\t\t<div class=\"elementor-element elementor-element-430b673 e-con-full e-flex e-con e-child\" data-id=\"430b673\" data-element_type=\"container\" data-e-type=\"container\">\n\t\t\t\t<div class=\"elementor-element elementor-element-44b65d7 elementor-widget elementor-widget-heading\" data-id=\"44b65d7\" data-element_type=\"widget\" data-e-type=\"widget\" data-widget_type=\"heading.default\">\n\t\t\t\t\t<h2 class=\"elementor-heading-title elementor-size-default\">Tienes altas expectativas?<\/h2>\t\t\t\t<\/div>\n\t\t\t\t<div class=\"elementor-element elementor-element-f89cd28 elementor-widget elementor-widget-text-editor\" data-id=\"f89cd28\" data-element_type=\"widget\" data-e-type=\"widget\" data-widget_type=\"text-editor.default\">\n\t\t\t\t\t\t\t\t\t<p data-start=\"169\" data-end=\"294\">Altos est\u00e1ndares. Sin atajos.<br data-start=\"212\" data-end=\"215\">Formaci\u00f3n dirigida por entrenadores, progresi\u00f3n cuantificable y una comunidad que reconoce la calidad.<\/p><p data-start=\"296\" data-end=\"304\">Bienvenido.<\/p>\t\t\t\t\t\t\t\t<\/div>\n\t\t\t\t<div class=\"elementor-element elementor-element-7433aff elementor-align-center elementor-widget elementor-widget-button\" data-id=\"7433aff\" data-element_type=\"widget\" data-e-type=\"widget\" data-widget_type=\"button.default\">\n\t\t\t\t\t\t\t\t\t\t<a class=\"elementor-button elementor-button-link elementor-size-sm\" href=\"http:\/\/crossfitede.es\/nuestra-caja\">\n\t\t\t\t\t\t<span class=\"elementor-button-content-wrapper\">\n\t\t\t\t\t\t\t\t\t<span class=\"elementor-button-text\">Nuestro box<\/span>\n\t\t\t\t\t<\/span>\n\t\t\t\t\t<\/a>\n\t\t\t\t\t\t\t\t<\/div>\n\t\t\t\t<\/div>\n\t\t<div class=\"elementor-element elementor-element-76ecc5e e-con-full e-flex e-con e-child\" data-id=\"76ecc5e\" data-element_type=\"container\" data-e-type=\"container\">\n\t\t\t\t<div class=\"elementor-element elementor-element-59294db elementor-widget elementor-widget-heading\" data-id=\"59294db\" data-element_type=\"widget\" data-e-type=\"widget\" data-widget_type=\"heading.default\">\n\t\t\t\t\t<h2 class=\"elementor-heading-title elementor-size-default\">Qu\u00e9 hacemos<\/h2>\t\t\t\t<\/div>\n\t\t\t\t<div class=\"elementor-element elementor-element-4f9330c elementor-widget elementor-widget-text-editor\" data-id=\"4f9330c\" data-element_type=\"widget\" data-e-type=\"widget\" data-widget_type=\"text-editor.default\">\n\t\t\t\t\t\t\t\t\t<p data-start=\"169\" data-end=\"294\">CrossFit como debe ser.<br data-start=\"376\" data-end=\"379\">Entrenamiento inteligente, buena programaci\u00f3n, mejorando visiblemente y s\u00ed&#8230; Un caf\u00e9 estupendo.<\/p><p data-start=\"169\" data-end=\"294\">Eso es lo que buscas!<\/p>\t\t\t\t\t\t\t\t<\/div>\n\t\t\t\t<div class=\"elementor-element elementor-element-6c9670f elementor-align-center elementor-widget elementor-widget-button\" data-id=\"6c9670f\" data-element_type=\"widget\" data-e-type=\"widget\" data-widget_type=\"button.default\">\n\t\t\t\t\t\t\t\t\t\t<a class=\"elementor-button elementor-button-link elementor-size-sm\" href=\"http:\/\/crossfitede.co.uk\/programa\">\n\t\t\t\t\t\t<span class=\"elementor-button-content-wrapper\">\n\t\t\t\t\t\t\t\t\t<span class=\"elementor-button-text\">Programaci\u00f3n<\/span>\n\t\t\t\t\t<\/span>\n\t\t\t\t\t<\/a>\n\t\t\t\t\t\t\t\t<\/div>\n\t\t\t\t<\/div>\n\t\t<div class=\"elementor-element elementor-element-99c5921 e-con-full e-flex e-con e-child\" data-id=\"99c5921\" data-element_type=\"container\" data-e-type=\"container\">\n\t\t\t\t<div class=\"elementor-element elementor-element-22cb99f elementor-widget elementor-widget-heading\" data-id=\"22cb99f\" data-element_type=\"widget\" data-e-type=\"widget\" data-widget_type=\"heading.default\">\n\t\t\t\t\t<h2 class=\"elementor-heading-title elementor-size-default\">Convi\u00e9rtete en atleta!<\/h2>\t\t\t\t<\/div>\n\t\t\t\t<div class=\"elementor-element elementor-element-5f43ebc elementor-widget elementor-widget-text-editor\" data-id=\"5f43ebc\" data-element_type=\"widget\" data-e-type=\"widget\" data-widget_type=\"text-editor.default\">\n\t\t\t\t\t\t\t\t\t<p data-start=\"458\" data-end=\"587\">De \u201ctengo que hacer ejercicio otra vez\u201d a \u201ccu\u00e1ndo puedo volver?\u201d<br data-start=\"527\" data-end=\"530\">Reserva una clase de prueba con tranquilidad. Nosotros nos encargamos del resto. <\/p><p data-start=\"589\" data-end=\"594\">Hecho.<\/p>\t\t\t\t\t\t\t\t<\/div>\n\t\t\t\t<div class=\"elementor-element elementor-element-8b55c9e elementor-align-center elementor-widget elementor-widget-button\" data-id=\"8b55c9e\" data-element_type=\"widget\" data-e-type=\"widget\" data-widget_type=\"button.default\">\n\t\t\t\t\t\t\t\t\t\t<a class=\"elementor-button elementor-button-link elementor-size-sm\" href=\"http:\/\/crossfitede.es\/empieza\/\">\n\t\t\t\t\t\t<span class=\"elementor-button-content-wrapper\">\n\t\t\t\t\t\t\t\t\t<span class=\"elementor-button-text\">Empezar<\/span>\n\t\t\t\t\t<\/span>\n\t\t\t\t\t<\/a>\n\t\t\t\t\t\t\t\t<\/div>\n\t\t\t\t<\/div>\n\t\t\t\t\t<\/div>\n\t\t\t\t<\/div>\n\t\t\t\t<\/div>\n\t\t","protected":false},"excerpt":{"rendered":"<p>Tu nivel de forma f\u00edsica no define si eres un atleta. Tu mentalidad s\u00ed. No es un gimnasio cualquiera en Ede. Nuestro box est\u00e1 ah\u00ed para todas las personas, siempre que se sientan impulsadas a sacarle todo el partido a su entrenamiento. Aqu\u00ed se crean atletas incansables con una mentalidad deportiva de primera clase. Clase<\/p>\n","protected":false},"author":1,"featured_media":0,"parent":0,"menu_order":0,"comment_status":"closed","ping_status":"closed","template":"elementor_header_footer","meta":{"solace_meta_sidebar":"","solace_meta_container":"","solace_meta_enable_content_width":"","solace_meta_content_width":0,"solace_meta_title_alignment":"","solace_meta_author_avatar":"","solace_post_elements_order":"","solace_meta_disable_header":"","solace_meta_disable_footer":"","solace_meta_disable_title":"","footnotes":""},"class_list":["post-859","page","type-page","status-publish","hentry"],"yoast_head":"<!-- This site is optimized with the Yoast SEO Premium plugin v27.1 (Yoast SEO v27.3) - https:\/\/yoast.com\/product\/yoast-seo-premium-wordpress\/ -->\n<title>CrossFit Ede - Valle %<\/title>\n<meta name=\"description\" content=\"No es un gimnasio cualquiera de Ede. Un afiliado oficial. Con un equipo de entrenadores altamente cualificados, ponemos el list\u00f3n muy alto.\" \/>\n<meta name=\"robots\" content=\"index, follow, max-snippet:-1, max-image-preview:large, max-video-preview:-1\" \/>\n<link rel=\"canonical\" href=\"https:\/\/crossfitede.nl\/es\/\" \/>\n<meta property=\"og:locale\" content=\"es_ES\" \/>\n<meta property=\"og:type\" content=\"article\" \/>\n<meta property=\"og:title\" content=\"CrossFit Ede - Valle\" \/>\n<meta property=\"og:description\" content=\"No es un gimnasio cualquiera de Ede. Un afiliado oficial. Con un equipo de entrenadores altamente cualificados, ponemos el list\u00f3n muy alto.\" \/>\n<meta property=\"og:url\" content=\"https:\/\/crossfitede.nl\/es\/\" \/>\n<meta property=\"og:site_name\" content=\"CrossFit Ede - Vallei\" \/>\n<meta property=\"article:publisher\" content=\"https:\/\/www.facebook.com\/profile.php?id=61586847666417&amp;locale=nl_NL\" \/>\n<meta property=\"article:modified_time\" content=\"2026-03-10T11:36:25+00:00\" \/>\n<meta name=\"twitter:card\" content=\"summary_large_image\" \/>\n<meta name=\"twitter:label1\" content=\"Tiempo de lectura\" \/>\n\t<meta name=\"twitter:data1\" content=\"1 minuto\" \/>\n<script type=\"application\/ld+json\" class=\"yoast-schema-graph\">{\"@context\":\"https:\\\/\\\/schema.org\",\"@graph\":[{\"@type\":\"WebPage\",\"@id\":\"https:\\\/\\\/crossfitede.nl\\\/es\\\/\",\"url\":\"https:\\\/\\\/crossfitede.nl\\\/es\\\/\",\"name\":\"CrossFit Ede - Valle %\",\"isPartOf\":{\"@id\":\"https:\\\/\\\/crossfitede.nl\\\/es\\\/#website\"},\"datePublished\":\"2026-01-24T15:12:09+00:00\",\"dateModified\":\"2026-03-10T11:36:25+00:00\",\"description\":\"No es un gimnasio cualquiera de Ede. Un afiliado oficial. Con un equipo de entrenadores altamente cualificados, ponemos el list\u00f3n muy alto.\",\"breadcrumb\":{\"@id\":\"https:\\\/\\\/crossfitede.nl\\\/es\\\/#breadcrumb\"},\"inLanguage\":\"es\",\"potentialAction\":[{\"@type\":\"ReadAction\",\"target\":[\"https:\\\/\\\/crossfitede.nl\\\/es\\\/\"]}]},{\"@type\":\"BreadcrumbList\",\"@id\":\"https:\\\/\\\/crossfitede.nl\\\/es\\\/#breadcrumb\",\"itemListElement\":[{\"@type\":\"ListItem\",\"position\":1,\"name\":\"Home\",\"item\":\"https:\\\/\\\/crossfitede.nl\\\/es\\\/inicio\\\/\"},{\"@type\":\"ListItem\",\"position\":2,\"name\":\"CrossFit Ede &#8211; Valle\"}]},{\"@type\":\"WebSite\",\"@id\":\"https:\\\/\\\/crossfitede.nl\\\/es\\\/#website\",\"url\":\"https:\\\/\\\/crossfitede.nl\\\/es\\\/\",\"name\":\"CrossFit Ede - Vallei\",\"description\":\"We Are All Athletes\",\"publisher\":{\"@id\":\"https:\\\/\\\/crossfitede.nl\\\/es\\\/#organization\"},\"potentialAction\":[{\"@type\":\"SearchAction\",\"target\":{\"@type\":\"EntryPoint\",\"urlTemplate\":\"https:\\\/\\\/crossfitede.nl\\\/es\\\/?s={search_term_string}\"},\"query-input\":{\"@type\":\"PropertyValueSpecification\",\"valueRequired\":true,\"valueName\":\"search_term_string\"}}],\"inLanguage\":\"es\"},{\"@type\":\"Organization\",\"@id\":\"https:\\\/\\\/crossfitede.nl\\\/es\\\/#organization\",\"name\":\"CrossFit Ede - Vallei\",\"url\":\"https:\\\/\\\/crossfitede.nl\\\/es\\\/\",\"logo\":{\"@type\":\"ImageObject\",\"inLanguage\":\"es\",\"@id\":\"https:\\\/\\\/crossfitede.nl\\\/es\\\/#\\\/schema\\\/logo\\\/image\\\/\",\"url\":\"https:\\\/\\\/crossfitede.nl\\\/wp-content\\\/uploads\\\/2026\\\/01\\\/Kopie-van-CrossFit_EdeVallei-1.png\",\"contentUrl\":\"https:\\\/\\\/crossfitede.nl\\\/wp-content\\\/uploads\\\/2026\\\/01\\\/Kopie-van-CrossFit_EdeVallei-1.png\",\"width\":950,\"height\":440,\"caption\":\"CrossFit Ede - Vallei\"},\"image\":{\"@id\":\"https:\\\/\\\/crossfitede.nl\\\/es\\\/#\\\/schema\\\/logo\\\/image\\\/\"},\"sameAs\":[\"https:\\\/\\\/www.facebook.com\\\/profile.php?id=61586847666417&locale=nl_NL\"]}]}<\/script>\n<!-- \/ Yoast SEO Premium plugin. -->","yoast_head_json":{"title":"CrossFit Ede - Valle %","description":"No es un gimnasio cualquiera de Ede. Un afiliado oficial. Con un equipo de entrenadores altamente cualificados, ponemos el list\u00f3n muy alto.","robots":{"index":"index","follow":"follow","max-snippet":"max-snippet:-1","max-image-preview":"max-image-preview:large","max-video-preview":"max-video-preview:-1"},"canonical":"https:\/\/crossfitede.nl\/es\/","og_locale":"es_ES","og_type":"article","og_title":"CrossFit Ede - Valle","og_description":"No es un gimnasio cualquiera de Ede. Un afiliado oficial. Con un equipo de entrenadores altamente cualificados, ponemos el list\u00f3n muy alto.","og_url":"https:\/\/crossfitede.nl\/es\/","og_site_name":"CrossFit Ede - Vallei","article_publisher":"https:\/\/www.facebook.com\/profile.php?id=61586847666417&locale=nl_NL","article_modified_time":"2026-03-10T11:36:25+00:00","twitter_card":"summary_large_image","twitter_misc":{"Tiempo de lectura":"1 minuto"},"schema":{"@context":"https:\/\/schema.org","@graph":[{"@type":"WebPage","@id":"https:\/\/crossfitede.nl\/es\/","url":"https:\/\/crossfitede.nl\/es\/","name":"CrossFit Ede - Valle %","isPartOf":{"@id":"https:\/\/crossfitede.nl\/es\/#website"},"datePublished":"2026-01-24T15:12:09+00:00","dateModified":"2026-03-10T11:36:25+00:00","description":"No es un gimnasio cualquiera de Ede. Un afiliado oficial. Con un equipo de entrenadores altamente cualificados, ponemos el list\u00f3n muy alto.","breadcrumb":{"@id":"https:\/\/crossfitede.nl\/es\/#breadcrumb"},"inLanguage":"es","potentialAction":[{"@type":"ReadAction","target":["https:\/\/crossfitede.nl\/es\/"]}]},{"@type":"BreadcrumbList","@id":"https:\/\/crossfitede.nl\/es\/#breadcrumb","itemListElement":[{"@type":"ListItem","position":1,"name":"Home","item":"https:\/\/crossfitede.nl\/es\/inicio\/"},{"@type":"ListItem","position":2,"name":"CrossFit Ede &#8211; Valle"}]},{"@type":"WebSite","@id":"https:\/\/crossfitede.nl\/es\/#website","url":"https:\/\/crossfitede.nl\/es\/","name":"CrossFit Ede - Vallei","description":"We Are All Athletes","publisher":{"@id":"https:\/\/crossfitede.nl\/es\/#organization"},"potentialAction":[{"@type":"SearchAction","target":{"@type":"EntryPoint","urlTemplate":"https:\/\/crossfitede.nl\/es\/?s={search_term_string}"},"query-input":{"@type":"PropertyValueSpecification","valueRequired":true,"valueName":"search_term_string"}}],"inLanguage":"es"},{"@type":"Organization","@id":"https:\/\/crossfitede.nl\/es\/#organization","name":"CrossFit Ede - Vallei","url":"https:\/\/crossfitede.nl\/es\/","logo":{"@type":"ImageObject","inLanguage":"es","@id":"https:\/\/crossfitede.nl\/es\/#\/schema\/logo\/image\/","url":"https:\/\/crossfitede.nl\/wp-content\/uploads\/2026\/01\/Kopie-van-CrossFit_EdeVallei-1.png","contentUrl":"https:\/\/crossfitede.nl\/wp-content\/uploads\/2026\/01\/Kopie-van-CrossFit_EdeVallei-1.png","width":950,"height":440,"caption":"CrossFit Ede - Vallei"},"image":{"@id":"https:\/\/crossfitede.nl\/es\/#\/schema\/logo\/image\/"},"sameAs":["https:\/\/www.facebook.com\/profile.php?id=61586847666417&locale=nl_NL"]}]}},"_links":{"self":[{"href":"https:\/\/crossfitede.nl\/es\/wp-json\/wp\/v2\/pages\/859","targetHints":{"allow":["GET"]}}],"collection":[{"href":"https:\/\/crossfitede.nl\/es\/wp-json\/wp\/v2\/pages"}],"about":[{"href":"https:\/\/crossfitede.nl\/es\/wp-json\/wp\/v2\/types\/page"}],"author":[{"embeddable":true,"href":"https:\/\/crossfitede.nl\/es\/wp-json\/wp\/v2\/users\/1"}],"replies":[{"embeddable":true,"href":"https:\/\/crossfitede.nl\/es\/wp-json\/wp\/v2\/comments?post=859"}],"version-history":[{"count":40,"href":"https:\/\/crossfitede.nl\/es\/wp-json\/wp\/v2\/pages\/859\/revisions"}],"predecessor-version":[{"id":2112,"href":"https:\/\/crossfitede.nl\/es\/wp-json\/wp\/v2\/pages\/859\/revisions\/2112"}],"wp:attachment":[{"href":"https:\/\/crossfitede.nl\/es\/wp-json\/wp\/v2\/media?parent=859"}],"curies":[{"name":"wp","href":"https:\/\/api.w.org\/{rel}","templated":true}]}}