{"id":1442,"date":"2026-02-19T09:53:52","date_gmt":"2026-02-19T09:53:52","guid":{"rendered":"https:\/\/crossfitede.nl\/pagina-del-blog\/"},"modified":"2026-02-25T19:04:50","modified_gmt":"2026-02-25T19:04:50","slug":"pagina-del-blog","status":"publish","type":"page","link":"https:\/\/crossfitede.nl\/es\/pagina-del-blog\/","title":{"rendered":"P\u00e1gina del blog"},"content":{"rendered":"\t\t<div data-elementor-type=\"wp-page\" data-elementor-id=\"1442\" class=\"elementor elementor-1442 elementor-1429\" data-elementor-post-type=\"page\">\n\t\t\t\t<div class=\"elementor-element elementor-element-0df6163 e-flex e-con-boxed e-con e-parent\" data-id=\"0df6163\" data-element_type=\"container\" data-e-type=\"container\" data-settings=\"{&quot;background_background&quot;:&quot;classic&quot;}\">\n\t\t\t\t\t<div class=\"e-con-inner\">\n\t\t\t\t<div class=\"elementor-element elementor-element-cf074fd elementor-widget elementor-widget-heading\" data-id=\"cf074fd\" data-element_type=\"widget\" data-e-type=\"widget\" data-widget_type=\"heading.default\">\n\t\t\t\t\t<h2 class=\"elementor-heading-title elementor-size-default\">Bienvenido a la p\u00e1gina de nuestro blog<\/h2>\t\t\t\t<\/div>\n\t\t\t\t<div class=\"elementor-element elementor-element-3cae8e7 elementor-grid-3 elementor-grid-tablet-2 elementor-grid-mobile-1 elementor-posts--thumbnail-top elementor-widget elementor-widget-posts\" data-id=\"3cae8e7\" data-element_type=\"widget\" data-e-type=\"widget\" data-settings=\"{&quot;classic_columns&quot;:&quot;3&quot;,&quot;classic_columns_tablet&quot;:&quot;2&quot;,&quot;classic_columns_mobile&quot;:&quot;1&quot;,&quot;classic_row_gap&quot;:{&quot;unit&quot;:&quot;px&quot;,&quot;size&quot;:35,&quot;sizes&quot;:[]},&quot;classic_row_gap_tablet&quot;:{&quot;unit&quot;:&quot;px&quot;,&quot;size&quot;:&quot;&quot;,&quot;sizes&quot;:[]},&quot;classic_row_gap_mobile&quot;:{&quot;unit&quot;:&quot;px&quot;,&quot;size&quot;:&quot;&quot;,&quot;sizes&quot;:[]}}\" data-widget_type=\"posts.classic\">\n\t\t\t\t<div class=\"elementor-widget-container\">\n\t\t\t\t\t\t\t<div class=\"elementor-posts-container elementor-posts elementor-posts--skin-classic elementor-grid\" role=\"list\">\n\t\t\t\t<article class=\"elementor-post elementor-grid-item post-2401 post type-post status-publish format-standard has-post-thumbnail hentry category-sin-categorizar\" role=\"listitem\">\n\t\t\t\t<a class=\"elementor-post__thumbnail__link\" href=\"https:\/\/crossfitede.nl\/es\/deportes-con-artrosis-en-ede\/\" tabindex=\"-1\" >\n\t\t\t<div class=\"elementor-post__thumbnail\"><img fetchpriority=\"high\" decoding=\"async\" width=\"640\" height=\"427\" src=\"https:\/\/crossfitede.nl\/wp-content\/uploads\/2026\/05\/NZ9_4347-4-1024x683.webp\" class=\"attachment-large size-large wp-image-2402\" alt=\"deportes con artrosis\" srcset=\"https:\/\/crossfitede.nl\/wp-content\/uploads\/2026\/05\/NZ9_4347-4-1024x683.webp 1024w, https:\/\/crossfitede.nl\/wp-content\/uploads\/2026\/05\/NZ9_4347-4-300x200.webp 300w, https:\/\/crossfitede.nl\/wp-content\/uploads\/2026\/05\/NZ9_4347-4-768x512.webp 768w, https:\/\/crossfitede.nl\/wp-content\/uploads\/2026\/05\/NZ9_4347-4-1536x1024.webp 1536w, https:\/\/crossfitede.nl\/wp-content\/uploads\/2026\/05\/NZ9_4347-4-930x620.webp 930w, https:\/\/crossfitede.nl\/wp-content\/uploads\/2026\/05\/NZ9_4347-4.webp 1920w\" sizes=\"(max-width: 640px) 100vw, 640px\" \/><\/div>\n\t\t<\/a>\n\t\t\t\t<div class=\"elementor-post__text\">\n\t\t\t\t<h3 class=\"elementor-post__title\">\n\t\t\t<a href=\"https:\/\/crossfitede.nl\/es\/deportes-con-artrosis-en-ede\/\" >\n\t\t\t\tDeportes con artrosis en Ede\t\t\t<\/a>\n\t\t<\/h3>\n\t\t\t\t<div class=\"elementor-post__excerpt\">\n\t\t\t<p>Ejercicio con artrosis en Ede: por qu\u00e9 quedarse sentado es una mala idea \u00abYa no puedo hacer deporte, tengo artrosis\u00bb. A menudo o\u00edmos esto de personas que piensan que ya no es posible hacer deporte con artrosis.Y sinceramente: suena l\u00f3gico. Pero no suele ser cierto. De hecho, no moverse a menudo empeora la artrosis. \u00abTengo<\/p>\n\t\t<\/div>\n\t\t\n\t\t<a class=\"elementor-post__read-more\" href=\"https:\/\/crossfitede.nl\/es\/deportes-con-artrosis-en-ede\/\" aria-label=\"M\u00e1s informaci\u00f3n sobre Deportes con artrosis en Ede\" tabindex=\"-1\" >\n\t\t\tLeer m\u00e1s \"\t\t<\/a>\n\n\t\t\t\t<\/div>\n\t\t\t\t<\/article>\n\t\t\t\t<article class=\"elementor-post elementor-grid-item post-2383 post type-post status-publish format-standard has-post-thumbnail hentry category-sin-categorizar\" role=\"listitem\">\n\t\t\t\t<a class=\"elementor-post__thumbnail__link\" href=\"https:\/\/crossfitede.nl\/es\/deportes-durante-el-embarazo-en-ede\/\" tabindex=\"-1\" >\n\t\t\t<div class=\"elementor-post__thumbnail\"><img decoding=\"async\" width=\"640\" height=\"426\" src=\"https:\/\/crossfitede.nl\/wp-content\/uploads\/2026\/04\/NZ9_4169-2-1024x682.webp\" class=\"attachment-large size-large wp-image-2384\" alt=\"Deporte y embarazo\" srcset=\"https:\/\/crossfitede.nl\/wp-content\/uploads\/2026\/04\/NZ9_4169-2-1024x682.webp 1024w, https:\/\/crossfitede.nl\/wp-content\/uploads\/2026\/04\/NZ9_4169-2-300x200.webp 300w, https:\/\/crossfitede.nl\/wp-content\/uploads\/2026\/04\/NZ9_4169-2-768x512.webp 768w, https:\/\/crossfitede.nl\/wp-content\/uploads\/2026\/04\/NZ9_4169-2-1536x1023.webp 1536w, https:\/\/crossfitede.nl\/wp-content\/uploads\/2026\/04\/NZ9_4169-2-930x620.webp 930w, https:\/\/crossfitede.nl\/wp-content\/uploads\/2026\/04\/NZ9_4169-2.webp 1920w\" sizes=\"(max-width: 640px) 100vw, 640px\" \/><\/div>\n\t\t<\/a>\n\t\t\t\t<div class=\"elementor-post__text\">\n\t\t\t\t<h3 class=\"elementor-post__title\">\n\t\t\t<a href=\"https:\/\/crossfitede.nl\/es\/deportes-durante-el-embarazo-en-ede\/\" >\n\t\t\t\tDeportes durante el embarazo en Ede\t\t\t<\/a>\n\t\t<\/h3>\n\t\t\t\t<div class=\"elementor-post__excerpt\">\n\t\t\t<p>Deporte durante el embarazo Ede: \u00bfqu\u00e9 se puede hacer y qu\u00e9 no? Estar embarazada no significa que tengas que dejar de moverte. De hecho, quedarse quieta es a menudo lo peor que puedes hacer.\u00bfPero seguir ciegamente como hasta ahora? Eso tampoco es inteligente. La verdad est\u00e1 entre medias. En este blog te explicamos exactamente c\u00f3mo<\/p>\n\t\t<\/div>\n\t\t\n\t\t<a class=\"elementor-post__read-more\" href=\"https:\/\/crossfitede.nl\/es\/deportes-durante-el-embarazo-en-ede\/\" aria-label=\"M\u00e1s informaci\u00f3n sobre Deportes durante el embarazo en Ede\" tabindex=\"-1\" >\n\t\t\tLeer m\u00e1s \"\t\t<\/a>\n\n\t\t\t\t<\/div>\n\t\t\t\t<\/article>\n\t\t\t\t<article class=\"elementor-post elementor-grid-item post-2361 post type-post status-publish format-standard has-post-thumbnail hentry category-sin-categorizar\" role=\"listitem\">\n\t\t\t\t<a class=\"elementor-post__thumbnail__link\" href=\"https:\/\/crossfitede.nl\/es\/crossfit-ede-y-la-salud-preventiva\/\" tabindex=\"-1\" >\n\t\t\t<div class=\"elementor-post__thumbnail\"><img decoding=\"async\" width=\"640\" height=\"426\" src=\"https:\/\/crossfitede.nl\/wp-content\/uploads\/2026\/04\/NZ9_3420-2-1024x682.webp\" class=\"attachment-large size-large wp-image-2303\" alt=\"CrossFit salud\" srcset=\"https:\/\/crossfitede.nl\/wp-content\/uploads\/2026\/04\/NZ9_3420-2-1024x682.webp 1024w, https:\/\/crossfitede.nl\/wp-content\/uploads\/2026\/04\/NZ9_3420-2-300x200.webp 300w, https:\/\/crossfitede.nl\/wp-content\/uploads\/2026\/04\/NZ9_3420-2-768x512.webp 768w, https:\/\/crossfitede.nl\/wp-content\/uploads\/2026\/04\/NZ9_3420-2-1536x1023.webp 1536w, https:\/\/crossfitede.nl\/wp-content\/uploads\/2026\/04\/NZ9_3420-2-930x620.jpg 930w, https:\/\/crossfitede.nl\/wp-content\/uploads\/2026\/04\/NZ9_3420-2.webp 1920w\" sizes=\"(max-width: 640px) 100vw, 640px\" \/><\/div>\n\t\t<\/a>\n\t\t\t\t<div class=\"elementor-post__text\">\n\t\t\t\t<h3 class=\"elementor-post__title\">\n\t\t\t<a href=\"https:\/\/crossfitede.nl\/es\/crossfit-ede-y-la-salud-preventiva\/\" >\n\t\t\t\tCrossFit Ede y la salud preventiva\t\t\t<\/a>\n\t\t<\/h3>\n\t\t\t\t<div class=\"elementor-post__excerpt\">\n\t\t\t<p>CrossFit Ede y la salud preventiva: \u00bfpor qu\u00e9 esperar a que las cosas vayan mal? A menudo puedes sentirlo venir.Menos energ\u00eda. M\u00e1s dolores. Peor recuperaci\u00f3n.Pero sigues adelante. Hasta que no puedes m\u00e1s. Ah\u00ed es exactamente donde suele fallar. CrossFit Ede y la salud preventiva. \u00abEso forma parte de hacerse mayor\u00bb\u00abs\u00ed, pero hacer demasiado ejercicio tampoco<\/p>\n\t\t<\/div>\n\t\t\n\t\t<a class=\"elementor-post__read-more\" href=\"https:\/\/crossfitede.nl\/es\/crossfit-ede-y-la-salud-preventiva\/\" aria-label=\"M\u00e1s informaci\u00f3n sobre CrossFit Ede y la salud preventiva\" tabindex=\"-1\" >\n\t\t\tLeer m\u00e1s \"\t\t<\/a>\n\n\t\t\t\t<\/div>\n\t\t\t\t<\/article>\n\t\t\t\t<article class=\"elementor-post elementor-grid-item post-2326 post type-post status-publish format-standard has-post-thumbnail hentry category-sin-categorizar\" role=\"listitem\">\n\t\t\t\t<a class=\"elementor-post__thumbnail__link\" href=\"https:\/\/crossfitede.nl\/es\/hacer-ejercicio-durante-la-menstruacion\/\" tabindex=\"-1\" >\n\t\t\t<div class=\"elementor-post__thumbnail\"><img loading=\"lazy\" decoding=\"async\" width=\"640\" height=\"427\" src=\"https:\/\/crossfitede.nl\/wp-content\/uploads\/2026\/03\/ND51075-2-1024x683.webp\" class=\"attachment-large size-large wp-image-2329\" alt=\"Entrenamiento menstrual\" srcset=\"https:\/\/crossfitede.nl\/wp-content\/uploads\/2026\/03\/ND51075-2-1024x683.webp 1024w, https:\/\/crossfitede.nl\/wp-content\/uploads\/2026\/03\/ND51075-2-300x200.webp 300w, https:\/\/crossfitede.nl\/wp-content\/uploads\/2026\/03\/ND51075-2-768x512.webp 768w, https:\/\/crossfitede.nl\/wp-content\/uploads\/2026\/03\/ND51075-2-1536x1024.webp 1536w, https:\/\/crossfitede.nl\/wp-content\/uploads\/2026\/03\/ND51075-2-930x620.webp 930w, https:\/\/crossfitede.nl\/wp-content\/uploads\/2026\/03\/ND51075-2.webp 1920w\" sizes=\"(max-width: 640px) 100vw, 640px\" \/><\/div>\n\t\t<\/a>\n\t\t\t\t<div class=\"elementor-post__text\">\n\t\t\t\t<h3 class=\"elementor-post__title\">\n\t\t\t<a href=\"https:\/\/crossfitede.nl\/es\/hacer-ejercicio-durante-la-menstruacion\/\" >\n\t\t\t\tHacer ejercicio durante la menstruaci\u00f3n\t\t\t<\/a>\n\t\t<\/h3>\n\t\t\t\t<div class=\"elementor-post__excerpt\">\n\t\t\t<p>Entrenamiento durante la menstruaci\u00f3n: \u00bfrealmente necesitan las mujeres entrenar de forma diferente? Este es uno de esos temas sobre los que de repente todo el mundo tiene una opini\u00f3n en los \u00faltimos a\u00f1os: hacer ejercicio durante la menstruaci\u00f3n y tu ciclo. Si nos atenemos puramente a la ciencia, la respuesta es francamente menos blanca y<\/p>\n\t\t<\/div>\n\t\t\n\t\t<a class=\"elementor-post__read-more\" href=\"https:\/\/crossfitede.nl\/es\/hacer-ejercicio-durante-la-menstruacion\/\" aria-label=\"M\u00e1s informaci\u00f3n sobre Hacer ejercicio durante la menstruaci\u00f3n\" tabindex=\"-1\" >\n\t\t\tLeer m\u00e1s \"\t\t<\/a>\n\n\t\t\t\t<\/div>\n\t\t\t\t<\/article>\n\t\t\t\t<article class=\"elementor-post elementor-grid-item post-2256 post type-post status-publish format-standard has-post-thumbnail hentry category-sin-categorizar\" role=\"listitem\">\n\t\t\t\t<a class=\"elementor-post__thumbnail__link\" href=\"https:\/\/crossfitede.nl\/es\/creatina\/\" tabindex=\"-1\" >\n\t\t\t<div class=\"elementor-post__thumbnail\"><img loading=\"lazy\" decoding=\"async\" width=\"640\" height=\"427\" src=\"https:\/\/crossfitede.nl\/wp-content\/uploads\/2026\/03\/ND56779-1024x683.jpg\" class=\"attachment-large size-large wp-image-2257\" alt=\"Creatina\" srcset=\"https:\/\/crossfitede.nl\/wp-content\/uploads\/2026\/03\/ND56779-1024x683.jpg 1024w, https:\/\/crossfitede.nl\/wp-content\/uploads\/2026\/03\/ND56779-300x200.jpg 300w, https:\/\/crossfitede.nl\/wp-content\/uploads\/2026\/03\/ND56779-768x512.jpg 768w, https:\/\/crossfitede.nl\/wp-content\/uploads\/2026\/03\/ND56779-1536x1024.jpg 1536w, https:\/\/crossfitede.nl\/wp-content\/uploads\/2026\/03\/ND56779-2048x1366.jpg 2048w, https:\/\/crossfitede.nl\/wp-content\/uploads\/2026\/03\/ND56779-930x620.jpg 930w\" sizes=\"(max-width: 640px) 100vw, 640px\" \/><\/div>\n\t\t<\/a>\n\t\t\t\t<div class=\"elementor-post__text\">\n\t\t\t\t<h3 class=\"elementor-post__title\">\n\t\t\t<a href=\"https:\/\/crossfitede.nl\/es\/creatina\/\" >\n\t\t\t\tCreatina\t\t\t<\/a>\n\t\t<\/h3>\n\t\t\t\t<div class=\"elementor-post__excerpt\">\n\t\t\t<p>La creatina en el CrossFit: \u00bfqu\u00e9 dice realmente la ciencia? La creatina es quiz\u00e1s el suplemento del que m\u00e1s se habla dentro del CrossFit. Pero entre todos los consejos de Instagram, el bombo de los pre-entrenamientos y las afirmaciones de marketing, a menudo se olvida una cosa: \u00bfQu\u00e9 dice realmente la ciencia? En este blog,<\/p>\n\t\t<\/div>\n\t\t\n\t\t<a class=\"elementor-post__read-more\" href=\"https:\/\/crossfitede.nl\/es\/creatina\/\" aria-label=\"M\u00e1s informaci\u00f3n sobre Creatina\" tabindex=\"-1\" >\n\t\t\tLeer m\u00e1s \"\t\t<\/a>\n\n\t\t\t\t<\/div>\n\t\t\t\t<\/article>\n\t\t\t\t<article class=\"elementor-post elementor-grid-item post-2143 post type-post status-publish format-standard has-post-thumbnail hentry category-sin-categorizar\" role=\"listitem\">\n\t\t\t\t<a class=\"elementor-post__thumbnail__link\" href=\"https:\/\/crossfitede.nl\/es\/salud-mental-y-crossfit\/\" tabindex=\"-1\" >\n\t\t\t<div class=\"elementor-post__thumbnail\"><img loading=\"lazy\" decoding=\"async\" width=\"640\" height=\"427\" src=\"https:\/\/crossfitede.nl\/wp-content\/uploads\/2026\/03\/NZ9_1798-1-1024x683.webp\" class=\"attachment-large size-large wp-image-2145\" alt=\"Entrenador de CrossFit\" srcset=\"https:\/\/crossfitede.nl\/wp-content\/uploads\/2026\/03\/NZ9_1798-1-1024x683.webp 1024w, https:\/\/crossfitede.nl\/wp-content\/uploads\/2026\/03\/NZ9_1798-1-300x200.webp 300w, https:\/\/crossfitede.nl\/wp-content\/uploads\/2026\/03\/NZ9_1798-1-768x512.webp 768w, https:\/\/crossfitede.nl\/wp-content\/uploads\/2026\/03\/NZ9_1798-1-1536x1024.webp 1536w, https:\/\/crossfitede.nl\/wp-content\/uploads\/2026\/03\/NZ9_1798-1-930x620.webp 930w, https:\/\/crossfitede.nl\/wp-content\/uploads\/2026\/03\/NZ9_1798-1.webp 1920w\" sizes=\"(max-width: 640px) 100vw, 640px\" \/><\/div>\n\t\t<\/a>\n\t\t\t\t<div class=\"elementor-post__text\">\n\t\t\t\t<h3 class=\"elementor-post__title\">\n\t\t\t<a href=\"https:\/\/crossfitede.nl\/es\/salud-mental-y-crossfit\/\" >\n\t\t\t\tSalud mental y CrossFit\t\t\t<\/a>\n\t\t<\/h3>\n\t\t\t\t<div class=\"elementor-post__excerpt\">\n\t\t\t<p>Salud mental en el deporte: Por qu\u00e9 el deporte fortalece tu salud mental (y el entrenamiento marca la diferencia) La salud mental no es una ocurrencia tard\u00eda. Es la base. Y, sin embargo, todos los d\u00edas veo a gente que piensa que el deporte s\u00f3lo tiene que ver con la progresi\u00f3n f\u00edsica. Pero si nos<\/p>\n\t\t<\/div>\n\t\t\n\t\t<a class=\"elementor-post__read-more\" href=\"https:\/\/crossfitede.nl\/es\/salud-mental-y-crossfit\/\" aria-label=\"M\u00e1s informaci\u00f3n sobre Salud mental y CrossFit\" tabindex=\"-1\" >\n\t\t\tLeer m\u00e1s \"\t\t<\/a>\n\n\t\t\t\t<\/div>\n\t\t\t\t<\/article>\n\t\t\t\t<\/div>\n\t\t\n\t\t\t\t\t\t<\/div>\n\t\t\t\t<\/div>\n\t\t\t\t\t<\/div>\n\t\t\t\t<\/div>\n\t\t\t\t<\/div>\n\t\t","protected":false},"excerpt":{"rendered":"<p>Bienvenido a la p\u00e1gina de nuestro blog<\/p>\n","protected":false},"author":1,"featured_media":0,"parent":0,"menu_order":0,"comment_status":"closed","ping_status":"closed","template":"elementor_header_footer","meta":{"solace_meta_sidebar":"","solace_meta_container":"","solace_meta_enable_content_width":"","solace_meta_content_width":0,"solace_meta_title_alignment":"","solace_meta_author_avatar":"","solace_post_elements_order":"","solace_meta_disable_header":"","solace_meta_disable_footer":"","solace_meta_disable_title":"","footnotes":""},"class_list":["post-1442","page","type-page","status-publish","hentry"],"yoast_head":"<!-- This site is optimized with the Yoast SEO Premium plugin v27.1 (Yoast SEO v27.3) - https:\/\/yoast.com\/product\/yoast-seo-premium-wordpress\/ -->\n<title>P\u00e1gina del blog - CrossFit Ede - Vallei<\/title>\n<meta name=\"robots\" content=\"index, follow, max-snippet:-1, max-image-preview:large, max-video-preview:-1\" \/>\n<link rel=\"canonical\" href=\"https:\/\/crossfitede.nl\/es\/pagina-del-blog\/\" \/>\n<meta property=\"og:locale\" content=\"es_ES\" \/>\n<meta property=\"og:type\" content=\"article\" \/>\n<meta property=\"og:title\" content=\"P\u00e1gina del blog\" \/>\n<meta property=\"og:description\" content=\"Bienvenido a la p\u00e1gina de nuestro blog\" \/>\n<meta property=\"og:url\" content=\"https:\/\/crossfitede.nl\/es\/pagina-del-blog\/\" \/>\n<meta property=\"og:site_name\" content=\"CrossFit Ede - Vallei\" \/>\n<meta property=\"article:publisher\" content=\"https:\/\/www.facebook.com\/profile.php?id=61586847666417&amp;locale=nl_NL\" \/>\n<meta property=\"article:modified_time\" content=\"2026-02-25T19:04:50+00:00\" \/>\n<meta name=\"twitter:card\" content=\"summary_large_image\" \/>\n<script type=\"application\/ld+json\" class=\"yoast-schema-graph\">{\"@context\":\"https:\\\/\\\/schema.org\",\"@graph\":[{\"@type\":\"WebPage\",\"@id\":\"https:\\\/\\\/crossfitede.nl\\\/es\\\/pagina-del-blog\\\/\",\"url\":\"https:\\\/\\\/crossfitede.nl\\\/es\\\/pagina-del-blog\\\/\",\"name\":\"P\u00e1gina del blog - CrossFit Ede - Vallei\",\"isPartOf\":{\"@id\":\"https:\\\/\\\/crossfitede.nl\\\/es\\\/#website\"},\"datePublished\":\"2026-02-19T09:53:52+00:00\",\"dateModified\":\"2026-02-25T19:04:50+00:00\",\"breadcrumb\":{\"@id\":\"https:\\\/\\\/crossfitede.nl\\\/es\\\/pagina-del-blog\\\/#breadcrumb\"},\"inLanguage\":\"es\",\"potentialAction\":[{\"@type\":\"ReadAction\",\"target\":[\"https:\\\/\\\/crossfitede.nl\\\/es\\\/pagina-del-blog\\\/\"]}]},{\"@type\":\"BreadcrumbList\",\"@id\":\"https:\\\/\\\/crossfitede.nl\\\/es\\\/pagina-del-blog\\\/#breadcrumb\",\"itemListElement\":[{\"@type\":\"ListItem\",\"position\":1,\"name\":\"Home\",\"item\":\"https:\\\/\\\/crossfitede.nl\\\/es\\\/inicio\\\/\"},{\"@type\":\"ListItem\",\"position\":2,\"name\":\"P\u00e1gina del blog\"}]},{\"@type\":\"WebSite\",\"@id\":\"https:\\\/\\\/crossfitede.nl\\\/es\\\/#website\",\"url\":\"https:\\\/\\\/crossfitede.nl\\\/es\\\/\",\"name\":\"CrossFit Ede - Vallei\",\"description\":\"We Are All Athletes\",\"publisher\":{\"@id\":\"https:\\\/\\\/crossfitede.nl\\\/es\\\/#organization\"},\"potentialAction\":[{\"@type\":\"SearchAction\",\"target\":{\"@type\":\"EntryPoint\",\"urlTemplate\":\"https:\\\/\\\/crossfitede.nl\\\/es\\\/?s={search_term_string}\"},\"query-input\":{\"@type\":\"PropertyValueSpecification\",\"valueRequired\":true,\"valueName\":\"search_term_string\"}}],\"inLanguage\":\"es\"},{\"@type\":\"Organization\",\"@id\":\"https:\\\/\\\/crossfitede.nl\\\/es\\\/#organization\",\"name\":\"CrossFit Ede - Vallei\",\"url\":\"https:\\\/\\\/crossfitede.nl\\\/es\\\/\",\"logo\":{\"@type\":\"ImageObject\",\"inLanguage\":\"es\",\"@id\":\"https:\\\/\\\/crossfitede.nl\\\/es\\\/#\\\/schema\\\/logo\\\/image\\\/\",\"url\":\"https:\\\/\\\/crossfitede.nl\\\/wp-content\\\/uploads\\\/2026\\\/01\\\/Kopie-van-CrossFit_EdeVallei-1.png\",\"contentUrl\":\"https:\\\/\\\/crossfitede.nl\\\/wp-content\\\/uploads\\\/2026\\\/01\\\/Kopie-van-CrossFit_EdeVallei-1.png\",\"width\":950,\"height\":440,\"caption\":\"CrossFit Ede - Vallei\"},\"image\":{\"@id\":\"https:\\\/\\\/crossfitede.nl\\\/es\\\/#\\\/schema\\\/logo\\\/image\\\/\"},\"sameAs\":[\"https:\\\/\\\/www.facebook.com\\\/profile.php?id=61586847666417&locale=nl_NL\"]}]}<\/script>\n<!-- \/ Yoast SEO Premium plugin. -->","yoast_head_json":{"title":"P\u00e1gina del blog - CrossFit Ede - Vallei","robots":{"index":"index","follow":"follow","max-snippet":"max-snippet:-1","max-image-preview":"max-image-preview:large","max-video-preview":"max-video-preview:-1"},"canonical":"https:\/\/crossfitede.nl\/es\/pagina-del-blog\/","og_locale":"es_ES","og_type":"article","og_title":"P\u00e1gina del blog","og_description":"Bienvenido a la p\u00e1gina de nuestro blog","og_url":"https:\/\/crossfitede.nl\/es\/pagina-del-blog\/","og_site_name":"CrossFit Ede - Vallei","article_publisher":"https:\/\/www.facebook.com\/profile.php?id=61586847666417&locale=nl_NL","article_modified_time":"2026-02-25T19:04:50+00:00","twitter_card":"summary_large_image","schema":{"@context":"https:\/\/schema.org","@graph":[{"@type":"WebPage","@id":"https:\/\/crossfitede.nl\/es\/pagina-del-blog\/","url":"https:\/\/crossfitede.nl\/es\/pagina-del-blog\/","name":"P\u00e1gina del blog - CrossFit Ede - Vallei","isPartOf":{"@id":"https:\/\/crossfitede.nl\/es\/#website"},"datePublished":"2026-02-19T09:53:52+00:00","dateModified":"2026-02-25T19:04:50+00:00","breadcrumb":{"@id":"https:\/\/crossfitede.nl\/es\/pagina-del-blog\/#breadcrumb"},"inLanguage":"es","potentialAction":[{"@type":"ReadAction","target":["https:\/\/crossfitede.nl\/es\/pagina-del-blog\/"]}]},{"@type":"BreadcrumbList","@id":"https:\/\/crossfitede.nl\/es\/pagina-del-blog\/#breadcrumb","itemListElement":[{"@type":"ListItem","position":1,"name":"Home","item":"https:\/\/crossfitede.nl\/es\/inicio\/"},{"@type":"ListItem","position":2,"name":"P\u00e1gina del blog"}]},{"@type":"WebSite","@id":"https:\/\/crossfitede.nl\/es\/#website","url":"https:\/\/crossfitede.nl\/es\/","name":"CrossFit Ede - Vallei","description":"We Are All Athletes","publisher":{"@id":"https:\/\/crossfitede.nl\/es\/#organization"},"potentialAction":[{"@type":"SearchAction","target":{"@type":"EntryPoint","urlTemplate":"https:\/\/crossfitede.nl\/es\/?s={search_term_string}"},"query-input":{"@type":"PropertyValueSpecification","valueRequired":true,"valueName":"search_term_string"}}],"inLanguage":"es"},{"@type":"Organization","@id":"https:\/\/crossfitede.nl\/es\/#organization","name":"CrossFit Ede - Vallei","url":"https:\/\/crossfitede.nl\/es\/","logo":{"@type":"ImageObject","inLanguage":"es","@id":"https:\/\/crossfitede.nl\/es\/#\/schema\/logo\/image\/","url":"https:\/\/crossfitede.nl\/wp-content\/uploads\/2026\/01\/Kopie-van-CrossFit_EdeVallei-1.png","contentUrl":"https:\/\/crossfitede.nl\/wp-content\/uploads\/2026\/01\/Kopie-van-CrossFit_EdeVallei-1.png","width":950,"height":440,"caption":"CrossFit Ede - Vallei"},"image":{"@id":"https:\/\/crossfitede.nl\/es\/#\/schema\/logo\/image\/"},"sameAs":["https:\/\/www.facebook.com\/profile.php?id=61586847666417&locale=nl_NL"]}]}},"_links":{"self":[{"href":"https:\/\/crossfitede.nl\/es\/wp-json\/wp\/v2\/pages\/1442","targetHints":{"allow":["GET"]}}],"collection":[{"href":"https:\/\/crossfitede.nl\/es\/wp-json\/wp\/v2\/pages"}],"about":[{"href":"https:\/\/crossfitede.nl\/es\/wp-json\/wp\/v2\/types\/page"}],"author":[{"embeddable":true,"href":"https:\/\/crossfitede.nl\/es\/wp-json\/wp\/v2\/users\/1"}],"replies":[{"embeddable":true,"href":"https:\/\/crossfitede.nl\/es\/wp-json\/wp\/v2\/comments?post=1442"}],"version-history":[{"count":8,"href":"https:\/\/crossfitede.nl\/es\/wp-json\/wp\/v2\/pages\/1442\/revisions"}],"predecessor-version":[{"id":1789,"href":"https:\/\/crossfitede.nl\/es\/wp-json\/wp\/v2\/pages\/1442\/revisions\/1789"}],"wp:attachment":[{"href":"https:\/\/crossfitede.nl\/es\/wp-json\/wp\/v2\/media?parent=1442"}],"curies":[{"name":"wp","href":"https:\/\/api.w.org\/{rel}","templated":true}]}}